{"id":610,"date":"2025-01-26T19:25:11","date_gmt":"2025-01-26T16:25:11","guid":{"rendered":"https:\/\/joyfullturtle.com\/?post_type=product&#038;p=610"},"modified":"2026-01-14T22:44:34","modified_gmt":"2026-01-14T19:44:34","slug":"profil-ayak-ahsap-katlanir-kamp-masasi-ceviz-rengi","status":"publish","type":"product","link":"https:\/\/joyfullturtle.com\/index.php\/urun\/profil-ayak-ahsap-katlanir-kamp-masasi-ceviz-rengi\/","title":{"rendered":"68*70*68 cm Profil Ayakl\u0131 Ah\u015fap Katlan\u0131r Rulo Kamp, Karavan Masas\u0131 Ceviz Rengi"},"content":{"rendered":"<p>68*70*68 cm profil ayak ah\u015fap katlan\u0131r kamp masas\u0131n\u0131n ceviz rengine alternatif olan tik rengi de sitemizde bulunmaktad\u0131r.<\/p>\n<p>Ta\u015f\u0131nabilir, hafif katlan\u0131r Joyfull Turtle masas\u0131, do\u011fa ile i\u00e7 i\u00e7e keyifli zaman ge\u00e7irmenizde bir numaral\u0131 tercihiniz olacak.<br \/>\nKAMP ve P\u0130KN\u0130K i\u00e7in m\u00fckemmel. Do\u011fa ile i\u00e7 i\u00e7e olarak rahatlaman\u0131z\u0131 sa\u011flar. Kamp yaparken, Joyfull Turtle kamp masa ve sandalyeleri, kamp zaman\u0131n\u0131z\u0131n vazge\u00e7ilmez bir par\u00e7as\u0131d\u0131r, sevdi\u011finiz i\u00e7ecek ve yiyecekler kamp masas\u0131nda size e\u015flik eder.<br \/>\nKATLANAB\u0130L\u0130R VE YERDEN TASARRUF SA\u011eLAYAN Joyfull Turtle kamp masalar\u0131, \u00f6zel tasar\u0131m\u0131 sayesinde rulo \u015feklinde kolayca katlanabilir.<br \/>\nJoyfull Turtle katlan\u0131r masalar\u0131n\u0131, piknikte, kampta, karavanda, balkonda, verandada, bal\u0131k tutarken, bah\u00e7ede, sahilde, oturma odan\u0131zda, i\u00e7 ve d\u0131\u015f mekanlarda kullanabilirsiniz.<br \/>\nAh\u015fab\u0131n e\u015fsiz g\u00f6r\u00fcn\u00fcm\u00fc, ah\u015fap koruyucu do\u011fal ya\u011f ile renklendirilmi\u015ftir.<br \/>\nJoyfull Turtle profil ayak katlan\u0131r masalar\u0131, k\u0131z\u0131l \u00e7am tablas\u0131 ile rahat bir kullan\u0131m sa\u011flar.<br \/>\nJoyfull Turtle katlan\u0131r masalar\u0131n\u0131, hi\u00e7bir alet gerekmeden kolayca kurabilirsiniz. Siyah renk \u00e7antas\u0131 ile kolayca ta\u015f\u0131yabilirsiniz.<br \/>\n<strong>JOYFULL TURTLE KATLANIR MASANIN FARKI<\/strong><br \/>\nSahip olmaya de\u011fer bir katlan\u0131r masa<br \/>\n\u015e\u0131k g\u00f6r\u00fcn\u00fcm, m\u00fckemmel tasar\u0131m, ta\u015f\u0131nabilirlik, birinci s\u0131n\u0131f malzemeler ile \u00fcretim<br \/>\nTamamen el i\u015f\u00e7ili\u011fi<br \/>\nSa\u011flam, kullan\u0131m\u0131 rahat<br \/>\nKurulumu kolay<br \/>\nEN71-3 belgeli ah\u015fap koruyucu ya\u011f uygulamas\u0131<\/p>\n<p><strong>\u00d6L\u00c7\u00dcLER<\/strong><\/p>\n<p>A\u00e7\u0131k: En: 68 cm \u00b7 Boy: 70 cm \u00b7 Y\u00fckseklik: 68 cm<\/p>\n<p>Kapal\u0131 \/\u00c7anta: \u00c7ap: 56 cm \u00b7 Boy: 70 cm<\/p>\n<p>&nbsp;<\/p>\n<p><strong>\u00dcR\u00dcN \u0130\u00c7ER\u0130\u011e\u0130<\/strong><\/p>\n<p>Omuz ask\u0131l\u0131 kuma\u015f \u00e7anta<\/p>\n<p>Masa tablas\u0131 (1 adet)<\/p>\n<p>Birle\u015ftirme \u00e7ubuklar\u0131 (2 adet)<\/p>\n<p>Profil ayak (1 adet)<\/p>\n<p>&nbsp;<\/p>\n<p><strong>\u00dcR\u00dcN \u00d6ZELL\u0130KLER\u0130<\/strong><\/p>\n<p>Kolay kurulum<\/p>\n<p>Do\u011fal \u00e7am ah\u015fap masa tablas\u0131<\/p>\n<p>El ve omuzda rahat ta\u015f\u0131ma<\/p>\n<p>EN71-3 belgeli ah\u015fap koruyucu ya\u011f uygulamas\u0131 (ceviz rengi)<\/p>\n<p>Sa\u011flam ve \u015f\u0131k tasar\u0131m<\/p>\n<p>Paket halinde yer tasarrufu<\/p>\n<p>&nbsp;<\/p>\n<p><strong>KURULUM ADIMLARI<\/strong><\/p>\n<p>Masa tabla rulosunu \u00e7antas\u0131ndan \u00e7\u0131kar\u0131n ve yumu\u015fak bir zemine ters \u015fekilde a\u00e7\u0131n.<\/p>\n<p>Birle\u015ftirme \u00e7ubuklar\u0131n\u0131 tabladaki yuvalara yerle\u015ftirin.<\/p>\n<p>Profil aya\u011f\u0131, \u00e7ubuklar\u0131ndan ge\u00e7irip tabladaki yuvalara tak\u0131n<\/p>\n<p>&nbsp;<\/p>\n<p><strong>BAKIM TAL\u0130MATLARI<\/strong><\/p>\n<p>Masan\u0131z\u0131 ilk kullan\u0131mda a\u00e7\u0131k havada havaland\u0131r\u0131n\u0131z.<\/p>\n<p>Masay\u0131 nemli bir bez ile temizleyebilirsiniz.<\/p>\n<p>Masan\u0131z nemli ise kurumas\u0131n\u0131 bekleyip \u00e7antas\u0131na yerle\u015ftiriniz.<\/p>\n","protected":false},"excerpt":{"rendered":"<p>Ceviz rengine alternatif tik rengi de sitemizde bulunmaktad\u0131r. Kampta, bah\u00e7ede, piknikte ve t\u00fcm d\u0131\u015far\u0131 aktivitelerde kullan\u0131labilecek \u00fcst k\u0131sm\u0131 rulo olabilen alt k\u0131sm\u0131 profil ayaktan olu\u015fan, \u00e7antal\u0131 masa<\/p>\n","protected":false},"featured_media":1394,"comment_status":"open","ping_status":"closed","template":"","meta":[],"product_brand":[154],"product_cat":[242,201],"product_tag":[57,265,122,51,264,244,121,120],"class_list":{"0":"post-610","1":"product","2":"type-product","3":"status-publish","4":"has-post-thumbnail","6":"product_brand-joyfull-turtle","7":"product_cat-kamp","8":"product_cat-karavan","9":"product_tag-bahce-masasi","10":"product_tag-balkon-masa","11":"product_tag-ceviz-rengi-katlanir-masa","12":"product_tag-kamp-masasi","13":"product_tag-karavan-masasi","14":"product_tag-masa","15":"product_tag-profil-ayak-katlanir-masa","16":"product_tag-profil-ayakli-masa","18":"first","19":"instock","20":"shipping-taxable","21":"purchasable","22":"product-type-simple"},"aioseo_notices":[],"jetpack_sharing_enabled":true,"_links":{"self":[{"href":"https:\/\/joyfullturtle.com\/index.php\/wp-json\/wp\/v2\/product\/610","targetHints":{"allow":["GET"]}}],"collection":[{"href":"https:\/\/joyfullturtle.com\/index.php\/wp-json\/wp\/v2\/product"}],"about":[{"href":"https:\/\/joyfullturtle.com\/index.php\/wp-json\/wp\/v2\/types\/product"}],"replies":[{"embeddable":true,"href":"https:\/\/joyfullturtle.com\/index.php\/wp-json\/wp\/v2\/comments?post=610"}],"wp:featuredmedia":[{"embeddable":true,"href":"https:\/\/joyfullturtle.com\/index.php\/wp-json\/wp\/v2\/media\/1394"}],"wp:attachment":[{"href":"https:\/\/joyfullturtle.com\/index.php\/wp-json\/wp\/v2\/media?parent=610"}],"wp:term":[{"taxonomy":"product_brand","embeddable":true,"href":"https:\/\/joyfullturtle.com\/index.php\/wp-json\/wp\/v2\/product_brand?post=610"},{"taxonomy":"product_cat","embeddable":true,"href":"https:\/\/joyfullturtle.com\/index.php\/wp-json\/wp\/v2\/product_cat?post=610"},{"taxonomy":"product_tag","embeddable":true,"href":"https:\/\/joyfullturtle.com\/index.php\/wp-json\/wp\/v2\/product_tag?post=610"}],"curies":[{"name":"wp","href":"https:\/\/api.w.org\/{rel}","templated":true}]}}