{"id":200,"date":"2024-03-01T12:26:35","date_gmt":"2024-03-01T12:26:35","guid":{"rendered":"https:\/\/envothemes.com\/envo-storefront\/?post_type=product&#038;p=200"},"modified":"2026-01-14T22:52:51","modified_gmt":"2026-01-14T19:52:51","slug":"hard-top","status":"publish","type":"product","link":"https:\/\/joyfullturtle.com\/index.php\/urun\/hard-top\/","title":{"rendered":"Ceviz Duvar Saati"},"content":{"rendered":"<p><strong>El Yap\u0131m\u0131 Ceviz Duvar Saati<\/strong><\/p>\n<p>Ortas\u0131 aynal\u0131 bir kalem pille \u00e7al\u0131\u015fabilen, duvara arkas\u0131nda yer alan zinciri ile kolayca as\u0131labilen duvar saati, ceviz a\u011fac\u0131ndan el yap\u0131m\u0131 \u00f6zel olarak \u00fcretilmi\u015ftir.<\/p>\n<p>\u00d6l\u00e7\u00fcleri: 37x54x5 cm<\/p>\n<p>Y\u00fczde y\u00fcz ceviz a\u011fac\u0131d\u0131r. \u00dczerinde hi\u00e7 bir i\u015flem yap\u0131lmam\u0131\u015ft\u0131r.<\/p>\n","protected":false},"excerpt":{"rendered":"<p>Do\u011fal ah\u015fap duvar saati, size farkl\u0131 duygular hissettirecek ve ya\u015fam alan\u0131n\u0131za \u015f\u0131kl\u0131 katacak<\/p>\n","protected":false},"featured_media":364,"comment_status":"open","ping_status":"closed","template":"","meta":[],"product_brand":[154],"product_cat":[70],"product_tag":[79,78,267,81,80],"class_list":{"0":"post-200","1":"product","2":"type-product","3":"status-publish","4":"has-post-thumbnail","6":"product_brand-joyfull-turtle","7":"product_cat-outdoor","8":"product_tag-ceviz-duvar-saati","9":"product_tag-duvar-saati","10":"product_tag-el-yapimi","11":"product_tag-el-yapimi-duvar-saati","12":"product_tag-el-yapimi-saat","14":"first","15":"instock","16":"featured","17":"shipping-taxable","18":"purchasable","19":"product-type-simple"},"aioseo_notices":[],"jetpack_sharing_enabled":true,"_links":{"self":[{"href":"https:\/\/joyfullturtle.com\/index.php\/wp-json\/wp\/v2\/product\/200","targetHints":{"allow":["GET"]}}],"collection":[{"href":"https:\/\/joyfullturtle.com\/index.php\/wp-json\/wp\/v2\/product"}],"about":[{"href":"https:\/\/joyfullturtle.com\/index.php\/wp-json\/wp\/v2\/types\/product"}],"replies":[{"embeddable":true,"href":"https:\/\/joyfullturtle.com\/index.php\/wp-json\/wp\/v2\/comments?post=200"}],"wp:featuredmedia":[{"embeddable":true,"href":"https:\/\/joyfullturtle.com\/index.php\/wp-json\/wp\/v2\/media\/364"}],"wp:attachment":[{"href":"https:\/\/joyfullturtle.com\/index.php\/wp-json\/wp\/v2\/media?parent=200"}],"wp:term":[{"taxonomy":"product_brand","embeddable":true,"href":"https:\/\/joyfullturtle.com\/index.php\/wp-json\/wp\/v2\/product_brand?post=200"},{"taxonomy":"product_cat","embeddable":true,"href":"https:\/\/joyfullturtle.com\/index.php\/wp-json\/wp\/v2\/product_cat?post=200"},{"taxonomy":"product_tag","embeddable":true,"href":"https:\/\/joyfullturtle.com\/index.php\/wp-json\/wp\/v2\/product_tag?post=200"}],"curies":[{"name":"wp","href":"https:\/\/api.w.org\/{rel}","templated":true}]}}