{"id":198,"date":"2024-03-01T12:26:35","date_gmt":"2024-03-01T12:26:35","guid":{"rendered":"https:\/\/envothemes.com\/envo-storefront\/?post_type=product&#038;p=198"},"modified":"2026-01-14T22:54:22","modified_gmt":"2026-01-14T19:54:22","slug":"bowling","status":"publish","type":"product","link":"https:\/\/joyfullturtle.com\/index.php\/urun\/bowling\/","title":{"rendered":"El Yap\u0131m\u0131 Ceviz Bowling Seti"},"content":{"rendered":"<p>El Yap\u0131m\u0131 Ceviz Bowling Seti<\/p>\n<p>Y\u00fczde y\u00fcz organik ceviz a\u011fac\u0131ndan, el yap\u0131m\u0131 \u00f6zel olarak \u00fcretilmi\u015ftir.. 10 tane labut ve 1 adet ceviz a\u011fac\u0131ndan yap\u0131lma yuvarlak toptan olu\u015fmaktad\u0131r.<\/p>\n<p>D\u0131\u015f\u0131 do\u011fal zeytinya\u011f\u0131 ile ya\u011flanm\u0131\u015ft\u0131r.<\/p>\n<p>Her ya\u015fa uygundur.<\/p>\n<p>Keyifli vakit ge\u00e7irmek i\u00e7in ya da dekoratif \u00fcr\u00fcn olarak kullan\u0131labilir<\/p>\n<p>Ta\u015f\u0131ma \u00e7antas\u0131 ile kutu i\u00e7erisinde teslim edilmektedir.<\/p>\n<p>Harika zamanlar ge\u00e7irmek isteyenler i\u00e7in<\/p>\n","protected":false},"excerpt":{"rendered":"<p>Do\u011fal el yap\u0131m\u0131z ceviz a\u011fac\u0131ndan yap\u0131lmak t\u00fcm \u00fcr\u00fcnlerden olu\u015fmaktad\u0131r. \u0130\u00e7eri\u011finde 10 adet labut ve 1 tane ah\u015fap top bulunmaktad\u0131r.<\/p>\n<p>Her ya\u015fa uygundur.<\/p>\n","protected":false},"featured_media":365,"comment_status":"open","ping_status":"closed","template":"","meta":[],"product_brand":[154],"product_cat":[70],"product_tag":[86,88,87],"class_list":{"0":"post-198","1":"product","2":"type-product","3":"status-publish","4":"has-post-thumbnail","6":"product_brand-joyfull-turtle","7":"product_cat-outdoor","8":"product_tag-bowling-set","9":"product_tag-ceviz-bowling-set","10":"product_tag-dogal-ahsap","12":"first","13":"instock","14":"shipping-taxable","15":"purchasable","16":"product-type-simple"},"aioseo_notices":[],"jetpack_sharing_enabled":true,"_links":{"self":[{"href":"https:\/\/joyfullturtle.com\/index.php\/wp-json\/wp\/v2\/product\/198","targetHints":{"allow":["GET"]}}],"collection":[{"href":"https:\/\/joyfullturtle.com\/index.php\/wp-json\/wp\/v2\/product"}],"about":[{"href":"https:\/\/joyfullturtle.com\/index.php\/wp-json\/wp\/v2\/types\/product"}],"replies":[{"embeddable":true,"href":"https:\/\/joyfullturtle.com\/index.php\/wp-json\/wp\/v2\/comments?post=198"}],"wp:featuredmedia":[{"embeddable":true,"href":"https:\/\/joyfullturtle.com\/index.php\/wp-json\/wp\/v2\/media\/365"}],"wp:attachment":[{"href":"https:\/\/joyfullturtle.com\/index.php\/wp-json\/wp\/v2\/media?parent=198"}],"wp:term":[{"taxonomy":"product_brand","embeddable":true,"href":"https:\/\/joyfullturtle.com\/index.php\/wp-json\/wp\/v2\/product_brand?post=198"},{"taxonomy":"product_cat","embeddable":true,"href":"https:\/\/joyfullturtle.com\/index.php\/wp-json\/wp\/v2\/product_cat?post=198"},{"taxonomy":"product_tag","embeddable":true,"href":"https:\/\/joyfullturtle.com\/index.php\/wp-json\/wp\/v2\/product_tag?post=198"}],"curies":[{"name":"wp","href":"https:\/\/api.w.org\/{rel}","templated":true}]}}