{"id":1943,"date":"2026-01-16T11:34:44","date_gmt":"2026-01-16T08:34:44","guid":{"rendered":"https:\/\/joyfullturtle.com\/?post_type=product&#038;p=1943"},"modified":"2026-02-10T20:45:07","modified_gmt":"2026-02-10T17:45:07","slug":"ahsap-katlanir-sandalye-kahverengi-kilif-kahverengi-canta","status":"publish","type":"product","link":"https:\/\/joyfullturtle.com\/index.php\/urun\/ahsap-katlanir-sandalye-kahverengi-kilif-kahverengi-canta\/","title":{"rendered":"Ah\u015fap Katlan\u0131r Sandalye &#8211; Kahverengi K\u0131l\u0131f &#8211; Kahverengi \u00c7anta"},"content":{"rendered":"<p>Ta\u015f\u0131nabilir, hafif, katlan\u0131r Joyfull Turtle sandalyesi, do\u011faya uyumlu renk se\u00e7enekleri ile keyifli zaman ge\u00e7irmenizde bir numaral\u0131 tercihiniz olacak, heyecan\u0131n\u0131za ortak olacak.<\/p>\n<p>Y\u00fcksek s\u0131rtl\u0131, portatif, birinci s\u0131n\u0131f kay\u0131n a\u011fac\u0131ndan \u00fcretilmi\u015f montaj gerektirmeyen Joyfull Turtle katlan\u0131r sandalye, su ge\u00e7irmez \u00f6zellikteki omuz ask\u0131l\u0131 \u015f\u0131k \u00e7antas\u0131 ile sizinle her yere gelmeye haz\u0131r.<\/p>\n<p>Kampa, pikni\u011fe, bah\u00e7eye, balkona, terasa, oturma odas\u0131na, futbol ma\u00e7\u0131na, konsere, havuza, plaja, sahile, bal\u0131k tutmaya sizinle hayata kat\u0131lmaya haz\u0131r. Joyfull Turtle Katlan\u0131r Kollu Sandalye, \u00f6zel tasar\u0131m\u0131 ile size ilkleri ya\u015fatacak. Do\u011fa ile i\u00e7 i\u00e7e olarak rahatlaman\u0131z\u0131 sa\u011flar. Kamp yaparken, Joyfull Turtle kamp masa ve sandalyeleri, kamp zaman\u0131n\u0131z\u0131n vazge\u00e7ilmez bir par\u00e7as\u0131d\u0131r.<\/p>\n<p>De\u011fi\u015ftirilebilir su ge\u00e7irmez k\u0131l\u0131f\u0131n\u0131n farkl\u0131 renklerini de sat\u0131n alarak farkl\u0131 renk alternatifleri ile Joyfull Turtle katlan\u0131r sandalyenizi kullanabilirsiniz.<\/p>\n<p>KATLANAB\u0130L\u0130R VE YERDEN TASARRUF SA\u011eLAYAN Joyfull Turtle ah\u015fap katlan\u0131r sandalye, \u00f6zel tasar\u0131m\u0131 sayesinde kolayca katlanabilir.<\/p>\n<p>Ah\u015fab\u0131n\u0131n e\u015fsiz g\u00f6r\u00fcn\u00fcm\u00fc, ah\u015fap koruyucu do\u011fal ya\u011f ile renklendirilmi\u015ftir.<\/p>\n<p>Joyfull Turtle katlan\u0131r sandalyeleri, birinci s\u0131n\u0131f kurutulmu\u015f kay\u0131n a\u011fac\u0131ndan el eme\u011fi ile \u00fcretilmi\u015f, do\u011fal koruyucu ya\u011f ile renklendirilmi\u015ftir.<\/p>\n<p>Statik f\u0131r\u0131n boyal\u0131 metal aksama sahiptir.<\/p>\n<p>Kol destekli, farkl\u0131 s\u0131rt uzunlu\u011fundan \u00fcretilmi\u015f farkl\u0131 ebatlarda alternatifleri de ma\u011fazam\u0131zda bulunmaktad\u0131r.<\/p>\n<p>Joyfull Turtle katlan\u0131r kamp sandalyesi, kurulum gerektirmez. Su ge\u00e7irmez \u00f6zellikli \u015f\u0131k tasar\u0131ml\u0131 ta\u015f\u0131ma \u00e7antas\u0131 ile rahat ve keyifli zaman ge\u00e7irmenize katk\u0131 sa\u011flar.<\/p>\n<p><strong>JOYFULL TURTLE KATLANIR SANDALYEN\u0130N FARKI<\/strong><\/p>\n<p>Sahip olmaya de\u011fer bir katlan\u0131r sandalye<\/p>\n<p>Tavsiye edilen ta\u015f\u0131ma kapasitesi 120 kilo<\/p>\n<p>Farkl\u0131 renk alternatifleri<\/p>\n<p>S\u0131rt ve bacak k\u0131s\u0131mlar\u0131nda rahatl\u0131\u011f\u0131 sa\u011flayan uzunlu\u011fa sahip tasar\u0131m<\/p>\n<p>\u015e\u0131k g\u00f6r\u00fcn\u00fcm, m\u00fckemmel tasar\u0131m, ta\u015f\u0131nabilirlik, birinci s\u0131n\u0131f malzemeler ile \u00fcretim<\/p>\n<p>Statik f\u0131r\u0131n boyal\u0131 metal aksam<\/p>\n<p>Tamamen el i\u015f\u00e7ili\u011fi<\/p>\n<p>Sa\u011flam, kullan\u0131m\u0131 rahat<\/p>\n<p>Kurulumu kolay<\/p>\n<p>EN71-3 belgeli ah\u015fap koruyucu ya\u011f uygulamas\u0131 (Ceviz rengi)<\/p>\n<p>Su ge\u00e7irmez \u00f6zellikte v\u00fccudun \u015feklini alan a\u015f\u0131r\u0131 rahat oturma k\u0131l\u0131f\u0131<\/p>\n<p>Su ge\u00e7irmez \u00f6zellikte \u00e7antas\u0131<\/p>\n<p><strong>\u00a0<\/strong><\/p>\n<p><strong>\u00d6L\u00c7\u00dcLER<\/strong><\/p>\n<p>En: 51 cm \u00b7 Derinlik: 65 cm \u00b7 Y\u00fckseklik: 87 cm<\/p>\n<p>\u00c7anta Y\u00fckseklik: 100 cm<\/p>\n<p>A\u011f\u0131rl\u0131k: 3,60 kg<\/p>\n<p><strong>\u00dcR\u00dcN \u0130\u00c7ER\u0130\u011e\u0130<\/strong><\/p>\n<p>1 adet Ah\u015fap Katlan\u0131r Sandalye<\/p>\n<p>1 Adet Oturma K\u0131l\u0131f\u0131<\/p>\n<p>1 Adet Su \u0130tici \u00d6zellikte Omuz Ask\u0131l\u0131 Ta\u015f\u0131ma \u00c7antas\u0131<\/p>\n<p><strong>\u00dcR\u00dcN \u00d6ZELL\u0130KLER\u0130<\/strong><\/p>\n<p>Kurulum Gerektirmez<\/p>\n<p>Birinci s\u0131n\u0131f kalitede ve f\u0131r\u0131nlanm\u0131\u015f kay\u0131n a\u011fac\u0131ndan ah\u015fap iskelet<\/p>\n<p>EN71-3 belgeli ah\u015fap koruyucu ya\u011f uygulamas\u0131 (Ceviz rengi)<\/p>\n<p>Statik f\u0131r\u0131n boyal\u0131 metal aksam<\/p>\n<p>Sa\u011flam ve \u015f\u0131k tasar\u0131m<\/p>\n<p>Paket halinde yer tasarrufu<\/p>\n<p>El ve omuzda rahat ta\u015f\u0131ma<\/p>\n<p><strong>BAKIM TAL\u0130MATLARI<\/strong><\/p>\n<p>Sandalyenizi ilk kullan\u0131mda a\u00e7\u0131k havada havaland\u0131r\u0131n\u0131z.<\/p>\n<p>Sandalye k\u0131l\u0131f ve \u00e7antas\u0131 silinebilir<\/p>\n<p>Ah\u015fap iskeleti nemli bir bez ile temizleyebilirsiniz.<\/p>\n<p>Sandalyeniz nemli ise kurumas\u0131n\u0131 bekleyip \u00e7antas\u0131na yerle\u015ftiriniz.<\/p>\n","protected":false},"excerpt":{"rendered":"<p>Joyfull Turtle katlan\u0131r sandalye sana rahatl\u0131k ve keyif sa\u011flayacak. Y\u00fcksek s\u0131rt deste\u011fine ba\u015f\u0131n\u0131 yaslad\u0131\u011f\u0131nda ve kollar\u0131n\u0131 kenar\u0131ndan sark\u0131tt\u0131\u011f\u0131nda, do\u011fan\u0131n huzuruna ve ne\u015fesine, kendini b\u0131rakacaks\u0131n.<\/p>\n","protected":false},"featured_media":1944,"comment_status":"open","ping_status":"closed","template":"","meta":[],"product_brand":[154],"product_cat":[242,201],"product_tag":[270,155,143,268,269,128,157],"class_list":{"0":"post-1943","1":"product","2":"type-product","3":"status-publish","4":"has-post-thumbnail","6":"product_brand-joyfull-turtle","7":"product_cat-kamp","8":"product_cat-karavan","9":"product_tag-ahsap-katlanir-sandalye","10":"product_tag-ahsap-sandalye","11":"product_tag-kahverengi-sandalye","12":"product_tag-kamp-sandalye","13":"product_tag-karavan-sandalye","14":"product_tag-katlanir-sandalye","15":"product_tag-sandalye","17":"first","18":"instock","19":"shipping-taxable","20":"purchasable","21":"product-type-simple"},"aioseo_notices":[],"jetpack_sharing_enabled":true,"_links":{"self":[{"href":"https:\/\/joyfullturtle.com\/index.php\/wp-json\/wp\/v2\/product\/1943","targetHints":{"allow":["GET"]}}],"collection":[{"href":"https:\/\/joyfullturtle.com\/index.php\/wp-json\/wp\/v2\/product"}],"about":[{"href":"https:\/\/joyfullturtle.com\/index.php\/wp-json\/wp\/v2\/types\/product"}],"replies":[{"embeddable":true,"href":"https:\/\/joyfullturtle.com\/index.php\/wp-json\/wp\/v2\/comments?post=1943"}],"wp:featuredmedia":[{"embeddable":true,"href":"https:\/\/joyfullturtle.com\/index.php\/wp-json\/wp\/v2\/media\/1944"}],"wp:attachment":[{"href":"https:\/\/joyfullturtle.com\/index.php\/wp-json\/wp\/v2\/media?parent=1943"}],"wp:term":[{"taxonomy":"product_brand","embeddable":true,"href":"https:\/\/joyfullturtle.com\/index.php\/wp-json\/wp\/v2\/product_brand?post=1943"},{"taxonomy":"product_cat","embeddable":true,"href":"https:\/\/joyfullturtle.com\/index.php\/wp-json\/wp\/v2\/product_cat?post=1943"},{"taxonomy":"product_tag","embeddable":true,"href":"https:\/\/joyfullturtle.com\/index.php\/wp-json\/wp\/v2\/product_tag?post=1943"}],"curies":[{"name":"wp","href":"https:\/\/api.w.org\/{rel}","templated":true}]}}