{"id":1860,"date":"2026-01-14T21:21:08","date_gmt":"2026-01-14T18:21:08","guid":{"rendered":"https:\/\/joyfullturtle.com\/?post_type=product&#038;p=1860"},"modified":"2026-02-10T20:53:26","modified_gmt":"2026-02-10T17:53:26","slug":"venedik-buyuk-boy-siyah-canta","status":"publish","type":"product","link":"https:\/\/joyfullturtle.com\/index.php\/urun\/venedik-buyuk-boy-siyah-canta\/","title":{"rendered":"Venedik B\u00fcy\u00fck Boy Siyah \u00c7anta"},"content":{"rendered":"<p><strong>Venedik \u00c7anta \u2013 Siyah<\/strong><\/p>\n<p>G\u00f6zlerini kapatt\u0131\u011f\u0131nda, derin bir nefes ald\u0131\u011f\u0131nda gelece\u011fini planla. An\u0131lar yarat. Hayat \u00e7ok h\u0131zl\u0131 ak\u0131yor. Bu \u00e7anta b\u00fcy\u00fck boy. Seyahatlerinde, plajda, piknikte ve daha bir \u00e7ok yerde sana e\u015flik eder. Hayat\u0131n\u0131 kolayla\u015ft\u0131r\u0131r.<\/p>\n<p>Omuz ask\u0131l\u0131, \u015f\u0131k tasar\u0131ml\u0131 Joyfull Turtle markal\u0131 Venedik \u00e7anta, c\u0131v\u0131l c\u0131v\u0131l renkleri ile keyifli g\u00fcnlerinize e\u015flik edecek. Co\u015fkulu renkler, muhte\u015fem tasar\u0131m, rahat kullan\u0131m, seninle her ana haz\u0131r.<\/p>\n<p>D\u0131\u015f k\u0131sm\u0131nda 4 cebi, i\u00e7 k\u0131sm\u0131nda ise 2 fermuarl\u0131 g\u00f6z\u00fc bulunmaktad\u0131r.<\/p>\n<p>3 adet fermuarl\u0131 toplam 7 g\u00f6zden olu\u015fmaktad\u0131r.<\/p>\n<p>Y\u0131kanabilir kuma\u015ftan \u00fcretilmi\u015ftir.<\/p>\n<p>Kuma\u015f\u0131nda su itici \u00f6zellik ve leke tutmazl\u0131k mevcuttur. Kuma\u015f\u0131, zararl\u0131 maddelere kar\u015f\u0131 test edilmi\u015ftir.<\/p>\n<p>\u00dczerindeki Joyfull Turtle etiketi yaz renklerinden olu\u015fmaktad\u0131r.<\/p>\n<p>\u00c7antay\u0131 plajda, sahilde, seyahatte, al\u0131\u015fveri\u015fte, okulda, i\u015fte, g\u00fcnl\u00fck spor aktivitelerde, k\u0131saca hayat\u0131n i\u00e7inde her alanda kullanabilirsiniz. Yan taraf\u0131nda bulunan g\u00f6zler sayesinde anne \/ bebek \u00e7antas\u0131 olarak da kullan\u0131ma uygundur. \u0130\u00e7 hacmi geni\u015f ve kullan\u0131m\u0131 rahatt\u0131r. \u0130\u00e7i astarl\u0131d\u0131r. \u0130\u00e7 taban\u0131nda plastik mevcuttur.<\/p>\n<p>30 derecede, narin y\u0131kama program\u0131nda y\u0131kanabilir.<\/p>\n<p>Farkl\u0131 renk alternatifleri de vard\u0131r. Can al\u0131c\u0131 renkler ile yaza merhaba demeye haz\u0131r m\u0131s\u0131n?<\/p>\n<p>Venedik \u00c7anta \u00d6l\u00e7\u00fcleri: \u00a014x45x35 cm<\/p>\n<p>Y\u00fckseklik:35 cm<\/p>\n<p>En:14 cm<\/p>\n<p>Boy : 45 cm<\/p>\n","protected":false},"excerpt":{"rendered":"<p>Zarif g\u00f6r\u00fcn\u00fcml\u00fc her ortama, her k\u0131yafete uygun, siyah, b\u00fcy\u00fck boy fermuar kapamal\u0131, 7 g\u00f6zl\u00fc \u00e7anta.<\/p>\n","protected":false},"featured_media":1861,"comment_status":"open","ping_status":"closed","template":"","meta":[],"product_brand":[154],"product_cat":[70],"product_tag":[165,237,238,239],"class_list":{"0":"post-1860","1":"product","2":"type-product","3":"status-publish","4":"has-post-thumbnail","6":"product_brand-joyfull-turtle","7":"product_cat-outdoor","8":"product_tag-buyuk-boy-canta","9":"product_tag-joyfull-canta","10":"product_tag-siyah-canta","11":"product_tag-venedik-siyah-canta","13":"first","14":"instock","15":"shipping-taxable","16":"purchasable","17":"product-type-simple"},"aioseo_notices":[],"jetpack_sharing_enabled":true,"_links":{"self":[{"href":"https:\/\/joyfullturtle.com\/index.php\/wp-json\/wp\/v2\/product\/1860","targetHints":{"allow":["GET"]}}],"collection":[{"href":"https:\/\/joyfullturtle.com\/index.php\/wp-json\/wp\/v2\/product"}],"about":[{"href":"https:\/\/joyfullturtle.com\/index.php\/wp-json\/wp\/v2\/types\/product"}],"replies":[{"embeddable":true,"href":"https:\/\/joyfullturtle.com\/index.php\/wp-json\/wp\/v2\/comments?post=1860"}],"wp:featuredmedia":[{"embeddable":true,"href":"https:\/\/joyfullturtle.com\/index.php\/wp-json\/wp\/v2\/media\/1861"}],"wp:attachment":[{"href":"https:\/\/joyfullturtle.com\/index.php\/wp-json\/wp\/v2\/media?parent=1860"}],"wp:term":[{"taxonomy":"product_brand","embeddable":true,"href":"https:\/\/joyfullturtle.com\/index.php\/wp-json\/wp\/v2\/product_brand?post=1860"},{"taxonomy":"product_cat","embeddable":true,"href":"https:\/\/joyfullturtle.com\/index.php\/wp-json\/wp\/v2\/product_cat?post=1860"},{"taxonomy":"product_tag","embeddable":true,"href":"https:\/\/joyfullturtle.com\/index.php\/wp-json\/wp\/v2\/product_tag?post=1860"}],"curies":[{"name":"wp","href":"https:\/\/api.w.org\/{rel}","templated":true}]}}