{"id":1810,"date":"2026-01-08T22:51:53","date_gmt":"2026-01-08T19:51:53","guid":{"rendered":"https:\/\/joyfullturtle.com\/?post_type=product&#038;p=1810"},"modified":"2026-02-10T20:58:12","modified_gmt":"2026-02-10T17:58:12","slug":"blackjoy-bel-ve-omuz-cantasi-kirmizi-astarli","status":"publish","type":"product","link":"https:\/\/joyfullturtle.com\/index.php\/urun\/blackjoy-bel-ve-omuz-cantasi-kirmizi-astarli\/","title":{"rendered":"BlackJoy Bel ve Omuz \u00c7antas\u0131 &#8211; K\u0131rm\u0131z\u0131 Astarl\u0131"},"content":{"rendered":"<p><strong>Joyfull Turtle BlackJoy \u00a0Bel ve Omuz \u00c7antas\u0131 \u2013 K\u0131rm\u0131z\u0131 Astarl\u0131<\/strong><\/p>\n<p>Ayarlanabilir omuz ask\u0131s\u0131, \u015f\u0131k tasar\u0131m\u0131, ultra hafif su itici silinebilir kuma\u015f\u0131 ve k\u0131rm\u0131z\u0131 i\u00e7 astar \u00f6zellikleri ile g\u00fcnl\u00fck ya\u015fam\u0131n\u0131z\u0131n bir par\u00e7as\u0131 olacak bu \u00e7anta, fermuarl\u0131 ana b\u00f6lme, fermuarl\u0131 \u00f6n cep, tokal\u0131 ayarlanabilir ask\u0131s\u0131 ile kolay kullan\u0131m sa\u011flar. \u00c7\u0131kar\u0131labilir omuz ask\u0131lar\u0131 vard\u0131r. Tutma kulpu mevcuttur.<\/p>\n<p>Ultra hafif, muhte\u015fem tasar\u0131m, rahat kullan\u0131m\u0131 ile seninle her ana haz\u0131r.<\/p>\n<p>2 D\u0131\u015f fermuarl\u0131 b\u00f6lmesi ve 2 i\u00e7 fermuarl\u0131 b\u00f6lmesi ile toplamda 4 g\u00f6zl\u00fcd\u00fcr.<\/p>\n<p>Silinebilir kuma\u015ftan \u00fcretilmi\u015ftir.<\/p>\n<p>Y\u00fckseklik:13 cm<\/p>\n<p>Geni\u015flik:22 cm<\/p>\n<p>Derinlik: 9 cm<\/p>\n<p>\u00c7anta \u00d6l\u00e7\u00fcleri:\u00a0 13x22x9 cm<\/p>\n<p>&nbsp;<\/p>\n<p><strong>\u00d6zellikleri;<\/strong><\/p>\n<ul>\n<li>Ultra hafif<\/li>\n<li>\u015e\u0131k tasar\u0131m<\/li>\n<li>K\u0131rm\u0131z\u0131 i\u00e7 astar<\/li>\n<li>Tasar\u0131m\u0131 \u00f6ne \u00e7\u0131karan k\u0131rm\u0131z\u0131 \u00f6n detay<\/li>\n<li>\u00d6n gizli fermuarl\u0131 cep<\/li>\n<li>\u0130\u00e7inde 2 fermuarl\u0131 g\u00f6z<\/li>\n<li>Tutma Kulpu<\/li>\n<li>\u00c7\u0131kar\u0131labilir ve ayarlanabilir omuz ask\u0131s\u0131<\/li>\n<li>El, bel ve omuzda ta\u015f\u0131maya uygun tasar\u0131m<\/li>\n<li>Silinebilir, su itici kuma\u015f<\/li>\n<\/ul>\n","protected":false},"excerpt":{"rendered":"<p>K\u0131rm\u0131z\u0131 astarl\u0131, hafif, rahat kullan\u0131ml\u0131, ayarlanabilir ve \u00e7\u0131kar\u0131labilir\u00a0 omuz ve bel ask\u0131lar\u0131 ile her yerde seninle. \u00d6zg\u00fcrs\u00fcn \u00e7\u00fcnk\u00fc hafifsin<\/p>\n","protected":false},"featured_media":1811,"comment_status":"open","ping_status":"closed","template":"","meta":[],"product_brand":[154],"product_cat":[242,70],"product_tag":[229,228,62,230,224],"class_list":{"0":"post-1810","1":"product","2":"type-product","3":"status-publish","4":"has-post-thumbnail","6":"product_brand-joyfull-turtle","7":"product_cat-kamp","8":"product_cat-outdoor","9":"product_tag-bel-cantasi","10":"product_tag-bel-ve-omuz-cantasi","11":"product_tag-kamp-cantasi","12":"product_tag-kirmizi-bel-cantasi","13":"product_tag-siyah-bel-cantasi","15":"first","16":"instock","17":"sale","18":"shipping-taxable","19":"purchasable","20":"product-type-simple"},"aioseo_notices":[],"jetpack_sharing_enabled":true,"_links":{"self":[{"href":"https:\/\/joyfullturtle.com\/index.php\/wp-json\/wp\/v2\/product\/1810","targetHints":{"allow":["GET"]}}],"collection":[{"href":"https:\/\/joyfullturtle.com\/index.php\/wp-json\/wp\/v2\/product"}],"about":[{"href":"https:\/\/joyfullturtle.com\/index.php\/wp-json\/wp\/v2\/types\/product"}],"replies":[{"embeddable":true,"href":"https:\/\/joyfullturtle.com\/index.php\/wp-json\/wp\/v2\/comments?post=1810"}],"wp:featuredmedia":[{"embeddable":true,"href":"https:\/\/joyfullturtle.com\/index.php\/wp-json\/wp\/v2\/media\/1811"}],"wp:attachment":[{"href":"https:\/\/joyfullturtle.com\/index.php\/wp-json\/wp\/v2\/media?parent=1810"}],"wp:term":[{"taxonomy":"product_brand","embeddable":true,"href":"https:\/\/joyfullturtle.com\/index.php\/wp-json\/wp\/v2\/product_brand?post=1810"},{"taxonomy":"product_cat","embeddable":true,"href":"https:\/\/joyfullturtle.com\/index.php\/wp-json\/wp\/v2\/product_cat?post=1810"},{"taxonomy":"product_tag","embeddable":true,"href":"https:\/\/joyfullturtle.com\/index.php\/wp-json\/wp\/v2\/product_tag?post=1810"}],"curies":[{"name":"wp","href":"https:\/\/api.w.org\/{rel}","templated":true}]}}