{"id":1802,"date":"2026-01-08T22:45:46","date_gmt":"2026-01-08T19:45:46","guid":{"rendered":"https:\/\/joyfullturtle.com\/?post_type=product&#038;p=1802"},"modified":"2026-02-10T20:59:15","modified_gmt":"2026-02-10T17:59:15","slug":"kot-bel-ve-omuz-cantasi-kahverengi-astarli","status":"publish","type":"product","link":"https:\/\/joyfullturtle.com\/index.php\/urun\/kot-bel-ve-omuz-cantasi-kahverengi-astarli\/","title":{"rendered":"Kot Bel ve Omuz \u00c7antas\u0131 &#8211; Kahverengi Astarl\u0131"},"content":{"rendered":"<p><strong>Joyfull Turtle Kot Bel ve Omuz \u00c7antas\u0131 \u2013 Kahverengi Astarl\u0131<\/strong><\/p>\n<p>Ayarlanabilir omuz ask\u0131s\u0131, \u015f\u0131k tasar\u0131m\u0131, kot kuma\u015f\u0131 ve kahverengi i\u00e7 astar \u00f6zellikleri ile g\u00fcnl\u00fck ya\u015fam\u0131n\u0131z\u0131n bir par\u00e7as\u0131 olacak bu \u00e7anta, fermuarl\u0131 ana b\u00f6lme, fermuarl\u0131 \u00f6n cep, tokal\u0131 ayarlanabilir ask\u0131s\u0131 ile kolay kullan\u0131m sa\u011flar. Spor tarz, muhte\u015fem tasar\u0131m, rahat kullan\u0131m, seninle her ana haz\u0131r.<\/p>\n<p>2 D\u0131\u015f fermuarl\u0131 b\u00f6lmesi ve 1 i\u00e7 fermuarl\u0131 b\u00f6lmesi ile toplamda 3 g\u00f6zl\u00fcd\u00fcr.<\/p>\n<p>Silinebilir kuma\u015ftan \u00fcretilmi\u015ftir.<\/p>\n<p>Y\u00fckseklik:13 cm<\/p>\n<p>Geni\u015flik:20 cm<\/p>\n<p>Derinlik: 5 cm<\/p>\n<p>\u00c7anta \u00d6l\u00e7\u00fcleri:\u00a0 13x20x5 cm<\/p>\n","protected":false},"excerpt":{"rendered":"<p>Kot sevenler i\u00e7in spor tasar\u0131m bel &#8211; omuz \u00e7antas\u0131. Fermuarl\u0131 g\u00f6zleri ile istedi\u011fini her an bulabilece\u011fin \u015f\u0131k bir tasar\u0131m. \u00d6zg\u00fcr ruhlu, rahatl\u0131\u011f\u0131 sevenler i\u00e7in.<\/p>\n","protected":false},"featured_media":1803,"comment_status":"open","ping_status":"closed","template":"","meta":[],"product_brand":[154],"product_cat":[242,70],"product_tag":[226,62,227,63],"class_list":{"0":"post-1802","1":"product","2":"type-product","3":"status-publish","4":"has-post-thumbnail","6":"product_brand-joyfull-turtle","7":"product_cat-kamp","8":"product_cat-outdoor","9":"product_tag-bel-omuz-canta","10":"product_tag-kamp-cantasi","11":"product_tag-kot-bel-canta","12":"product_tag-kot-canta","14":"first","15":"instock","16":"shipping-taxable","17":"purchasable","18":"product-type-simple"},"aioseo_notices":[],"jetpack_sharing_enabled":true,"_links":{"self":[{"href":"https:\/\/joyfullturtle.com\/index.php\/wp-json\/wp\/v2\/product\/1802","targetHints":{"allow":["GET"]}}],"collection":[{"href":"https:\/\/joyfullturtle.com\/index.php\/wp-json\/wp\/v2\/product"}],"about":[{"href":"https:\/\/joyfullturtle.com\/index.php\/wp-json\/wp\/v2\/types\/product"}],"replies":[{"embeddable":true,"href":"https:\/\/joyfullturtle.com\/index.php\/wp-json\/wp\/v2\/comments?post=1802"}],"wp:featuredmedia":[{"embeddable":true,"href":"https:\/\/joyfullturtle.com\/index.php\/wp-json\/wp\/v2\/media\/1803"}],"wp:attachment":[{"href":"https:\/\/joyfullturtle.com\/index.php\/wp-json\/wp\/v2\/media?parent=1802"}],"wp:term":[{"taxonomy":"product_brand","embeddable":true,"href":"https:\/\/joyfullturtle.com\/index.php\/wp-json\/wp\/v2\/product_brand?post=1802"},{"taxonomy":"product_cat","embeddable":true,"href":"https:\/\/joyfullturtle.com\/index.php\/wp-json\/wp\/v2\/product_cat?post=1802"},{"taxonomy":"product_tag","embeddable":true,"href":"https:\/\/joyfullturtle.com\/index.php\/wp-json\/wp\/v2\/product_tag?post=1802"}],"curies":[{"name":"wp","href":"https:\/\/api.w.org\/{rel}","templated":true}]}}