{"id":1773,"date":"2026-01-08T22:03:44","date_gmt":"2026-01-08T19:03:44","guid":{"rendered":"https:\/\/joyfullturtle.com\/?post_type=product&#038;p=1773"},"modified":"2026-02-10T21:02:11","modified_gmt":"2026-02-10T18:02:11","slug":"black-joy-seyahat-cantasi-siyah-kahverengi-astarli","status":"publish","type":"product","link":"https:\/\/joyfullturtle.com\/index.php\/urun\/black-joy-seyahat-cantasi-siyah-kahverengi-astarli\/","title":{"rendered":"Black Joy Seyahat \u00c7antas\u0131 &#8211; Siyah &#8211; Kahverengi Astarl\u0131"},"content":{"rendered":"<p><strong>Black Joy Seyahat \u00c7antas\u0131 \u2013 Siyah \u2013 Kahverengi Astarl\u0131<\/strong><\/p>\n<p>Joyfull Turtle markal\u0131<\/p>\n<p>Geni\u015f i\u00e7 hacmi ile her yerde yan\u0131n\u0131zda. Seyahat, gezileriniz ve g\u00fcnl\u00fck kullan\u0131m\u0131n\u0131z i\u00e7in uygun.<\/p>\n<p>\u00c7ok ama\u00e7l\u0131 bu \u00fcr\u00fcn, konforu \u015f\u0131k bir tasar\u0131mla sa\u011fl\u0131yor.<\/p>\n<p>\u0130\u00e7 k\u0131sm\u0131nda bir diz\u00fcst\u00fc bilgisayar g\u00f6z\u00fc ile birlikte toplam 5\u00a0 g\u00f6z\u00fc bulunmaktad\u0131r.<\/p>\n<p>D\u0131\u015f sa\u011f ve sol taraf\u0131nda toplam 2 g\u00f6z vard\u0131r.<\/p>\n<p>\u00d6n k\u0131sm\u0131nda \u00f6zel tasar\u0131ml\u0131 fermuarl\u0131 g\u00f6z, size kolayl\u0131k sa\u011flayacak.<\/p>\n<p>Ta\u015f\u0131ma Kulplu ve omuz ask\u0131l\u0131d\u0131r.<\/p>\n<p>Silinebilir.<\/p>\n<p><strong>\u00c7anta \u00d6l\u00e7\u00fcleri:<\/strong> \u00a046x21x30 cm<\/p>\n<p><strong>Y\u00fckseklik<\/strong>:30 cm<\/p>\n<p><strong>En<\/strong>:21 cm<\/p>\n<p><strong>Boy <\/strong>: 46 cm<\/p>\n<p><strong>\u00d6zellikleri:<\/strong><\/p>\n<ul>\n<li>Omuz Ask\u0131s\u0131<\/li>\n<li>Ta\u015f\u0131ma Kulpu<\/li>\n<li>Kahverengi i\u00e7 astar<\/li>\n<li>5 g\u00f6z<\/li>\n<li>\u015e\u0131k Tasar\u0131m<\/li>\n<li>Laptop G\u00f6z\u00fc<\/li>\n<li>Fermuarl\u0131 G\u00f6zler<\/li>\n<li>Y\u00fcksek Yan Cepler<\/li>\n<li>Geni\u015f i\u00e7 hacimli<\/li>\n<li>Silinebilir Kuma\u015f \u00d6zellikli<\/li>\n<\/ul>\n","protected":false},"excerpt":{"rendered":"<p>Kahverengi i\u00e7 astar\u0131, \u015f\u0131k tasar\u0131m\u0131, geni\u015f i\u00e7 hacmi ile k\u0131sa zamanl\u0131 tatillerinizde size e\u015flik etmeye haz\u0131r. Fermuarl\u0131 g\u00f6zleri, e\u015fyalar\u0131n\u0131 d\u00fczenli \u015fekilde yerle\u015ftirmeye olanak sa\u011flar. \u00c7antam\u0131 al\u0131yorum, gezilere \u00e7\u0131k\u0131yorum diyenler i\u00e7in konforlu bir seyahat sa\u011flar.<\/p>\n","protected":false},"featured_media":1774,"comment_status":"open","ping_status":"closed","template":"","meta":[],"product_brand":[154],"product_cat":[201,70],"product_tag":[67,217,170,216],"class_list":{"0":"post-1773","1":"product","2":"type-product","3":"status-publish","4":"has-post-thumbnail","6":"product_brand-joyfull-turtle","7":"product_cat-karavan","8":"product_cat-outdoor","9":"product_tag-canta","10":"product_tag-erkek-canta","11":"product_tag-seyahat-cantasi","12":"product_tag-sik-canta","14":"first","15":"instock","16":"sale","17":"shipping-taxable","18":"purchasable","19":"product-type-simple"},"aioseo_notices":[],"jetpack_sharing_enabled":true,"_links":{"self":[{"href":"https:\/\/joyfullturtle.com\/index.php\/wp-json\/wp\/v2\/product\/1773","targetHints":{"allow":["GET"]}}],"collection":[{"href":"https:\/\/joyfullturtle.com\/index.php\/wp-json\/wp\/v2\/product"}],"about":[{"href":"https:\/\/joyfullturtle.com\/index.php\/wp-json\/wp\/v2\/types\/product"}],"replies":[{"embeddable":true,"href":"https:\/\/joyfullturtle.com\/index.php\/wp-json\/wp\/v2\/comments?post=1773"}],"wp:featuredmedia":[{"embeddable":true,"href":"https:\/\/joyfullturtle.com\/index.php\/wp-json\/wp\/v2\/media\/1774"}],"wp:attachment":[{"href":"https:\/\/joyfullturtle.com\/index.php\/wp-json\/wp\/v2\/media?parent=1773"}],"wp:term":[{"taxonomy":"product_brand","embeddable":true,"href":"https:\/\/joyfullturtle.com\/index.php\/wp-json\/wp\/v2\/product_brand?post=1773"},{"taxonomy":"product_cat","embeddable":true,"href":"https:\/\/joyfullturtle.com\/index.php\/wp-json\/wp\/v2\/product_cat?post=1773"},{"taxonomy":"product_tag","embeddable":true,"href":"https:\/\/joyfullturtle.com\/index.php\/wp-json\/wp\/v2\/product_tag?post=1773"}],"curies":[{"name":"wp","href":"https:\/\/api.w.org\/{rel}","templated":true}]}}