{"id":1770,"date":"2026-01-08T20:47:24","date_gmt":"2026-01-08T17:47:24","guid":{"rendered":"https:\/\/joyfullturtle.com\/?post_type=product&#038;p=1770"},"modified":"2026-02-10T21:17:36","modified_gmt":"2026-02-10T18:17:36","slug":"ahsap-katlanir-rulo-kamp-masasi-cinar-50x50x50-cm","status":"publish","type":"product","link":"https:\/\/joyfullturtle.com\/index.php\/urun\/ahsap-katlanir-rulo-kamp-masasi-cinar-50x50x50-cm\/","title":{"rendered":"Ah\u015fap Katlan\u0131r Rulo Kamp Masas\u0131 &#8211; \u00c7\u0131nar &#8211; 50x50x50 cm"},"content":{"rendered":"<p><strong>Joyfull Turtle 50x50x50 Ah\u015fap Katlan\u0131r Rulo Kamp, Piknik, Balkon, Bah\u00e7e Masas\u0131 \u2013 \u00c7\u0131nar &#8211; Ceviz Renk <\/strong><\/p>\n<p><strong>\u00d6L\u00c7\u00dcLER<\/strong><\/p>\n<p>En: 50 cm \u00b7 Boy: 50 cm \u00b7 Y\u00fckseklik: 50 cm<\/p>\n<p>\u00c7anta Y\u00fckseklik 50 cm<\/p>\n<p>A\u011f\u0131rl\u0131k: 2,30 kg<\/p>\n<p><strong>\u00dcR\u00dcN \u0130\u00c7ER\u0130\u011e\u0130<\/strong><\/p>\n<p>Omuz ask\u0131l\u0131 kuma\u015f \u00e7anta (Kahverengi)<\/p>\n<p>50&#215;50 cm Masa tablas\u0131 (1 adet)<\/p>\n<p>Birle\u015ftirme \u00e7ubuklar\u0131 \u2013 50 cm \u00a0(2 adet)<\/p>\n<p>Ah\u015fap ayak \u2013 50 cm (4 adet)<\/p>\n<p><strong>\u00dcR\u00dcN \u00d6ZELL\u0130KLER\u0130<\/strong><\/p>\n<p>Kolay kurulum<\/p>\n<p>Birinci s\u0131n\u0131f kalitede \u00e7\u0131nar a\u011fac\u0131ndan ah\u015fap masa tablas\u0131<\/p>\n<p>EN71-3 belgeli ah\u015fap koruyucu ya\u011f uygulamas\u0131 (Ceviz rengi)<\/p>\n<p>Sa\u011flam ve \u015f\u0131k tasar\u0131m<\/p>\n<p>Paket halinde yer tasarrufu<\/p>\n<p>El ve omuzda rahat ta\u015f\u0131ma<\/p>\n<p><strong>KURULUM ADIMLARI<\/strong><\/p>\n<p>Masa tabla rulosunu \u00e7antas\u0131ndan \u00e7\u0131kar\u0131n ve yumu\u015fak bir zemine ters \u015fekilde a\u00e7\u0131n.<\/p>\n<p>Birle\u015ftirme \u00e7ubuklar\u0131n\u0131 tabladaki yuvalara yerle\u015ftirin.<\/p>\n<p>Ah\u015fap ayaklar\u0131, masa tablas\u0131n\u0131n alt\u0131na tak\u0131lan birle\u015ftirme \u00e7ubuklar\u0131ndan ge\u00e7irip tabladaki yuvalara tak\u0131n<\/p>\n<p>Son aya\u011f\u0131, masan\u0131z\u0131n tablas\u0131n\u0131 hafif\u00e7e gerginle\u015ftirdikten sonra tak\u0131n\u0131z.<\/p>\n<p><strong>BAKIM TAL\u0130MATLARI<\/strong><\/p>\n<p>Masan\u0131z\u0131 ilk kullan\u0131mda a\u00e7\u0131k havada havaland\u0131r\u0131n\u0131z.<\/p>\n<p>Masay\u0131 nemli bir bez ile temizleyebilirsiniz.<\/p>\n<p>Masan\u0131z nemli ise kurumas\u0131n\u0131 bekleyip \u00e7antas\u0131na yerle\u015ftiriniz.<\/p>\n","protected":false},"excerpt":{"rendered":"<p>Kampta, piknikte, bah\u00e7ede, balkonda her alanda kullanabilece\u011finiz, kolay kurulumu ve ta\u015f\u0131nma \u00f6zelli\u011fi ile her yerde yan\u0131n\u0131zda. \u015e\u0131k ta\u015f\u0131ma \u00e7antas\u0131 ile birlikte motor seyahatlerinde de yan\u0131n\u0131za alabilece\u011finiz harika bir \u00fcr\u00fcn. \u00d6zg\u00fcrler ve \u00f6zg\u00fcr kalanlar i\u00e7in.<\/p>\n","protected":false},"featured_media":1755,"comment_status":"open","ping_status":"closed","template":"","meta":[],"product_brand":[154],"product_cat":[242,201],"product_tag":[211,29,89,210],"class_list":{"0":"post-1770","1":"product","2":"type-product","3":"status-publish","4":"has-post-thumbnail","6":"product_brand-joyfull-turtle","7":"product_cat-kamp","8":"product_cat-karavan","9":"product_tag-cinar-masa","10":"product_tag-kamp-masa","11":"product_tag-katlanir-masa","12":"product_tag-rulo-katlanir-masa","14":"first","15":"instock","16":"shipping-taxable","17":"purchasable","18":"product-type-simple"},"aioseo_notices":[],"jetpack_sharing_enabled":true,"_links":{"self":[{"href":"https:\/\/joyfullturtle.com\/index.php\/wp-json\/wp\/v2\/product\/1770","targetHints":{"allow":["GET"]}}],"collection":[{"href":"https:\/\/joyfullturtle.com\/index.php\/wp-json\/wp\/v2\/product"}],"about":[{"href":"https:\/\/joyfullturtle.com\/index.php\/wp-json\/wp\/v2\/types\/product"}],"replies":[{"embeddable":true,"href":"https:\/\/joyfullturtle.com\/index.php\/wp-json\/wp\/v2\/comments?post=1770"}],"wp:featuredmedia":[{"embeddable":true,"href":"https:\/\/joyfullturtle.com\/index.php\/wp-json\/wp\/v2\/media\/1755"}],"wp:attachment":[{"href":"https:\/\/joyfullturtle.com\/index.php\/wp-json\/wp\/v2\/media?parent=1770"}],"wp:term":[{"taxonomy":"product_brand","embeddable":true,"href":"https:\/\/joyfullturtle.com\/index.php\/wp-json\/wp\/v2\/product_brand?post=1770"},{"taxonomy":"product_cat","embeddable":true,"href":"https:\/\/joyfullturtle.com\/index.php\/wp-json\/wp\/v2\/product_cat?post=1770"},{"taxonomy":"product_tag","embeddable":true,"href":"https:\/\/joyfullturtle.com\/index.php\/wp-json\/wp\/v2\/product_tag?post=1770"}],"curies":[{"name":"wp","href":"https:\/\/api.w.org\/{rel}","templated":true}]}}