{"id":1730,"date":"2026-01-05T22:45:42","date_gmt":"2026-01-05T19:45:42","guid":{"rendered":"https:\/\/joyfullturtle.com\/?post_type=product&#038;p=1730"},"modified":"2026-02-10T21:31:12","modified_gmt":"2026-02-10T18:31:12","slug":"dora-anne-bebek-seyahat-cantasi","status":"publish","type":"product","link":"https:\/\/joyfullturtle.com\/index.php\/urun\/dora-anne-bebek-seyahat-cantasi\/","title":{"rendered":"Dora Anne Bebek Seyahat \u00c7antas\u0131"},"content":{"rendered":"<p><strong>Termal G\u00f6zl\u00fc Anne Bebek Seyahat \u00c7antas\u0131 <\/strong><\/p>\n<p>Geni\u015f i\u00e7 hacmi ile her yerde yan\u0131n\u0131zda . Seyahat, gezileriniz ve g\u00fcnl\u00fck kullan\u0131m\u0131n\u0131z i\u00e7in uygun.<\/p>\n<p>\u00c7ok ama\u00e7l\u0131 bu \u00fcr\u00fcn, konforu \u015f\u0131k bir tasar\u0131mla sa\u011fl\u0131yor.<\/p>\n<p>\u0130\u00e7 k\u0131sm\u0131nda bir diz\u00fcst\u00fc bilgisayar g\u00f6z\u00fc ile birlikte toplam 7\u00a0 g\u00f6z\u00fc bulunmaktad\u0131r.<\/p>\n","protected":false},"excerpt":{"rendered":"<p><strong>Dora Anne Bebek Seyahat \u00c7antas\u0131 &#8211; Siyah<\/strong><\/p>\n<p><strong>Termal G\u00f6zl\u00fc Anne Bebek Seyahat \u00c7antas\u0131 <\/strong><\/p>\n<p>Geni\u015f i\u00e7 hacmi ile her yerde yan\u0131n\u0131zda . Seyahat, gezileriniz ve g\u00fcnl\u00fck kullan\u0131m\u0131n\u0131z i\u00e7in uygun.<\/p>\n<p>\u00c7ok ama\u00e7l\u0131 bu \u00fcr\u00fcn, konforu \u015f\u0131k bir tasar\u0131mla sa\u011fl\u0131yor.<\/p>\n<p>\u0130\u00e7 k\u0131sm\u0131nda bir diz\u00fcst\u00fc bilgisayar g\u00f6z\u00fc ile birlikte toplam 7\u00a0 g\u00f6z\u00fc bulunmaktad\u0131r.<\/p>\n<p>D\u0131\u015f sa\u011f ve sol taraf\u0131nda toplam 2 g\u00f6z vard\u0131r.<\/p>\n<p>\u00d6n k\u0131sm\u0131nda termal kapl\u0131 3 b\u00f6l\u00fcml\u00fc k\u0131rm\u0131z\u0131 i\u00e7 tasar\u0131ml\u0131 fermuarl\u0131 g\u00f6z, size kolayl\u0131k sa\u011flayacak.<\/p>\n<p>Arka y\u00fcz\u00fcnde, \u00f6zel e\u015fyalar\u0131n\u0131z i\u00e7in ayr\u0131 bir fermuarl\u0131 g\u00f6z bulunmaktad\u0131r.<\/p>\n<p>Ta\u015f\u0131ma Kulplu ve omuz ask\u0131l\u0131d\u0131r.<\/p>\n<p>Silinebilir.<\/p>\n<p><strong>\u00c7anta \u00d6l\u00e7\u00fcleri:<\/strong> \u00a020x43x30 cm<\/p>\n<p><strong>Y\u00fckseklik<\/strong>:30 cm<\/p>\n<p><strong>En<\/strong>:20 cm<\/p>\n<p><strong>Boy <\/strong>: 43 cm<\/p>\n<p><strong>\u00d6zellikleri:<\/strong><\/p>\n<ul>\n<li>Omuz Ask\u0131s\u0131<\/li>\n<li>Ta\u015f\u0131ma Kulpu<\/li>\n<li>K\u0131rm\u0131z\u0131 i\u00e7 astar<\/li>\n<li>7 g\u00f6z<\/li>\n<li>\u015e\u0131k Tasar\u0131m<\/li>\n<li>Laptop G\u00f6z\u00fc<\/li>\n<li>Termal G\u00f6z<\/li>\n<li>Fermuarl\u0131 G\u00f6zler<\/li>\n<li>Y\u00fcksek Yan Cepler<\/li>\n<li>Geni\u015f i\u00e7 hacimli<\/li>\n<li>Silinebilir Kuma\u015f \u00d6zellikli<\/li>\n<\/ul>\n","protected":false},"featured_media":1731,"comment_status":"open","ping_status":"closed","template":"","meta":[],"product_brand":[154],"product_cat":[72],"product_tag":[200,162,170],"class_list":{"0":"post-1730","1":"product","2":"type-product","3":"status-publish","4":"has-post-thumbnail","6":"product_brand-joyfull-turtle","7":"product_cat-anne_bebek","8":"product_tag-anne-bebek","9":"product_tag-anne-bebek-cantasi","10":"product_tag-seyahat-cantasi","12":"first","13":"instock","14":"sale","15":"shipping-taxable","16":"purchasable","17":"product-type-simple"},"aioseo_notices":[],"jetpack_sharing_enabled":true,"_links":{"self":[{"href":"https:\/\/joyfullturtle.com\/index.php\/wp-json\/wp\/v2\/product\/1730","targetHints":{"allow":["GET"]}}],"collection":[{"href":"https:\/\/joyfullturtle.com\/index.php\/wp-json\/wp\/v2\/product"}],"about":[{"href":"https:\/\/joyfullturtle.com\/index.php\/wp-json\/wp\/v2\/types\/product"}],"replies":[{"embeddable":true,"href":"https:\/\/joyfullturtle.com\/index.php\/wp-json\/wp\/v2\/comments?post=1730"}],"wp:featuredmedia":[{"embeddable":true,"href":"https:\/\/joyfullturtle.com\/index.php\/wp-json\/wp\/v2\/media\/1731"}],"wp:attachment":[{"href":"https:\/\/joyfullturtle.com\/index.php\/wp-json\/wp\/v2\/media?parent=1730"}],"wp:term":[{"taxonomy":"product_brand","embeddable":true,"href":"https:\/\/joyfullturtle.com\/index.php\/wp-json\/wp\/v2\/product_brand?post=1730"},{"taxonomy":"product_cat","embeddable":true,"href":"https:\/\/joyfullturtle.com\/index.php\/wp-json\/wp\/v2\/product_cat?post=1730"},{"taxonomy":"product_tag","embeddable":true,"href":"https:\/\/joyfullturtle.com\/index.php\/wp-json\/wp\/v2\/product_tag?post=1730"}],"curies":[{"name":"wp","href":"https:\/\/api.w.org\/{rel}","templated":true}]}}