{"id":1728,"date":"2026-01-05T22:40:58","date_gmt":"2026-01-05T19:40:58","guid":{"rendered":"https:\/\/joyfullturtle.com\/?post_type=product&#038;p=1728"},"modified":"2026-01-05T22:40:58","modified_gmt":"2026-01-05T19:40:58","slug":"bebek-alt-acma-minderi-kiremit","status":"publish","type":"product","link":"https:\/\/joyfullturtle.com\/index.php\/urun\/bebek-alt-acma-minderi-kiremit\/","title":{"rendered":"Bebek Alt A\u00e7ma Minderi &#8211; Kiremit"},"content":{"rendered":"<p>Joyfull Turtle markal\u0131 bebek alt a\u00e7ma \u00fcr\u00fcn\u00fcn\u00fcn kal\u0131nl\u0131\u011f\u0131 5 cm\u2019dir. Bebek i\u00e7in rahat bir kullan\u0131ma sahiptir. Silinebilen i\u00e7 ve d\u0131\u015f kuma\u015f \u00f6zelli\u011fi vard\u0131r. Turuncu kuma\u015f\u0131, su iticilik ve leke tutmazl\u0131k \u00f6zelli\u011fine sahiptir. Kuma\u015f\u0131, zararl\u0131 maddelere kar\u015f\u0131 test edilmi\u015ftir.<\/p>\n","protected":false},"excerpt":{"rendered":"<p><strong>Joyfull Turtle Bebek Alt A\u00e7ma 40&#215;60 cm\u00a0 &#8211; Kiremit<\/strong><\/p>\n<p>Joyfull Turtle markal\u0131 bebek alt a\u00e7ma \u00fcr\u00fcn\u00fcn\u00fcn kal\u0131nl\u0131\u011f\u0131 5 cm\u2019dir. Bebek i\u00e7in rahat bir kullan\u0131ma sahiptir. Silinebilen i\u00e7 ve d\u0131\u015f kuma\u015f \u00f6zelli\u011fi vard\u0131r. Turuncu kuma\u015f\u0131, su iticilik ve leke tutmazl\u0131k \u00f6zelli\u011fine sahiptir. Kuma\u015f\u0131, zararl\u0131 maddelere kar\u015f\u0131 test edilmi\u015ftir.<\/p>\n<p>Co\u015fkulu renkler, muhte\u015fem tasar\u0131m, rahat kullan\u0131m, seninle her ana haz\u0131r.<\/p>\n<p>\u00dczerindeki Joyfull Turtle etiketi yaz renklerinden olu\u015fmaktad\u0131r.<\/p>\n<p>30 derecede, narin y\u0131kama program\u0131nda y\u0131kanabilir.<\/p>\n<p>Farkl\u0131 renk alternatifleri de vard\u0131r. Can al\u0131c\u0131 renkler ile bebe\u011fine ho\u015f geldin demeye haz\u0131r m\u0131s\u0131n?<\/p>\n<p>Alt A\u00e7ma \u00a0\u00d6l\u00e7\u00fcleri: \u00a040&#215;60 cm<\/p>\n<p>Kal\u0131nl\u0131k : 5 cm<\/p>\n","protected":false},"featured_media":1726,"comment_status":"open","ping_status":"closed","template":"","meta":[],"product_brand":[],"product_cat":[72],"product_tag":[199,198],"class_list":{"0":"post-1728","1":"product","2":"type-product","3":"status-publish","4":"has-post-thumbnail","6":"product_cat-anne_bebek","7":"product_tag-alt-acma-minderi","8":"product_tag-bebek-alt-acma","10":"first","11":"instock","12":"shipping-taxable","13":"purchasable","14":"product-type-simple"},"aioseo_notices":[],"jetpack_sharing_enabled":true,"_links":{"self":[{"href":"https:\/\/joyfullturtle.com\/index.php\/wp-json\/wp\/v2\/product\/1728","targetHints":{"allow":["GET"]}}],"collection":[{"href":"https:\/\/joyfullturtle.com\/index.php\/wp-json\/wp\/v2\/product"}],"about":[{"href":"https:\/\/joyfullturtle.com\/index.php\/wp-json\/wp\/v2\/types\/product"}],"replies":[{"embeddable":true,"href":"https:\/\/joyfullturtle.com\/index.php\/wp-json\/wp\/v2\/comments?post=1728"}],"wp:featuredmedia":[{"embeddable":true,"href":"https:\/\/joyfullturtle.com\/index.php\/wp-json\/wp\/v2\/media\/1726"}],"wp:attachment":[{"href":"https:\/\/joyfullturtle.com\/index.php\/wp-json\/wp\/v2\/media?parent=1728"}],"wp:term":[{"taxonomy":"product_brand","embeddable":true,"href":"https:\/\/joyfullturtle.com\/index.php\/wp-json\/wp\/v2\/product_brand?post=1728"},{"taxonomy":"product_cat","embeddable":true,"href":"https:\/\/joyfullturtle.com\/index.php\/wp-json\/wp\/v2\/product_cat?post=1728"},{"taxonomy":"product_tag","embeddable":true,"href":"https:\/\/joyfullturtle.com\/index.php\/wp-json\/wp\/v2\/product_tag?post=1728"}],"curies":[{"name":"wp","href":"https:\/\/api.w.org\/{rel}","templated":true}]}}