{"id":1721,"date":"2026-01-05T22:33:37","date_gmt":"2026-01-05T19:33:37","guid":{"rendered":"https:\/\/joyfullturtle.com\/?post_type=product&#038;p=1721"},"modified":"2026-02-10T21:34:38","modified_gmt":"2026-02-10T18:34:38","slug":"anne-bebek-cantasi-bebek-alt-acma-minderli-kiremit","status":"publish","type":"product","link":"https:\/\/joyfullturtle.com\/index.php\/urun\/anne-bebek-cantasi-bebek-alt-acma-minderli-kiremit\/","title":{"rendered":"Anne Bebek \u00c7antas\u0131 &#8211; Bebek Alt A\u00e7ma Minderli  &#8211; Kiremit"},"content":{"rendered":"<p>Omuz ask\u0131l\u0131, \u015f\u0131k tasar\u0131ml\u0131 Joyfull Turtle markal\u0131 anne\/bebek bak\u0131m \u00e7antas\u0131, c\u0131v\u0131l c\u0131v\u0131l renkleri ile keyifli g\u00fcnlerinize e\u015flik edecek. Co\u015fkulu renkler, muhte\u015fem tasar\u0131m, rahat kullan\u0131m, seninle her ana haz\u0131r.<\/p>\n<p>D\u0131\u015f k\u0131sm\u0131nda 4 cebi, i\u00e7 k\u0131sm\u0131nda ise 2 fermuarl\u0131 g\u00f6z\u00fc ve i\u00e7 k\u0131sm\u0131nda 1 adet termal g\u00f6z bulunmaktad\u0131r.<\/p>\n","protected":false},"excerpt":{"rendered":"<p>Omuz ask\u0131l\u0131, \u015f\u0131k tasar\u0131ml\u0131 Joyfull Turtle markal\u0131 anne\/bebek bak\u0131m \u00e7antas\u0131, c\u0131v\u0131l c\u0131v\u0131l renkleri ile keyifli g\u00fcnlerinize e\u015flik edecek. Co\u015fkulu renkler,&hellip;<\/p>\n","protected":false},"featured_media":1722,"comment_status":"open","ping_status":"closed","template":"","meta":[],"product_brand":[154],"product_cat":[72],"product_tag":[162,197],"class_list":{"0":"post-1721","1":"product","2":"type-product","3":"status-publish","4":"has-post-thumbnail","6":"product_brand-joyfull-turtle","7":"product_cat-anne_bebek","8":"product_tag-anne-bebek-cantasi","9":"product_tag-kiremit-anne-bebek-cantasi","11":"first","12":"instock","13":"shipping-taxable","14":"purchasable","15":"product-type-simple"},"aioseo_notices":[],"jetpack_sharing_enabled":true,"_links":{"self":[{"href":"https:\/\/joyfullturtle.com\/index.php\/wp-json\/wp\/v2\/product\/1721","targetHints":{"allow":["GET"]}}],"collection":[{"href":"https:\/\/joyfullturtle.com\/index.php\/wp-json\/wp\/v2\/product"}],"about":[{"href":"https:\/\/joyfullturtle.com\/index.php\/wp-json\/wp\/v2\/types\/product"}],"replies":[{"embeddable":true,"href":"https:\/\/joyfullturtle.com\/index.php\/wp-json\/wp\/v2\/comments?post=1721"}],"wp:featuredmedia":[{"embeddable":true,"href":"https:\/\/joyfullturtle.com\/index.php\/wp-json\/wp\/v2\/media\/1722"}],"wp:attachment":[{"href":"https:\/\/joyfullturtle.com\/index.php\/wp-json\/wp\/v2\/media?parent=1721"}],"wp:term":[{"taxonomy":"product_brand","embeddable":true,"href":"https:\/\/joyfullturtle.com\/index.php\/wp-json\/wp\/v2\/product_brand?post=1721"},{"taxonomy":"product_cat","embeddable":true,"href":"https:\/\/joyfullturtle.com\/index.php\/wp-json\/wp\/v2\/product_cat?post=1721"},{"taxonomy":"product_tag","embeddable":true,"href":"https:\/\/joyfullturtle.com\/index.php\/wp-json\/wp\/v2\/product_tag?post=1721"}],"curies":[{"name":"wp","href":"https:\/\/api.w.org\/{rel}","templated":true}]}}