{"id":1704,"date":"2026-01-04T22:35:40","date_gmt":"2026-01-04T19:35:40","guid":{"rendered":"https:\/\/joyfullturtle.com\/?post_type=product&#038;p=1704"},"modified":"2026-01-14T22:10:28","modified_gmt":"2026-01-14T19:10:28","slug":"bisiklet-kadro-cantasi-siyah","status":"publish","type":"product","link":"https:\/\/joyfullturtle.com\/index.php\/urun\/bisiklet-kadro-cantasi-siyah\/","title":{"rendered":"Bisiklet Kadro \u00c7antas\u0131  &#8211;  Siyah"},"content":{"rendered":"<p><strong>Joyfull Turtle Bisiklet Kadro \u00c7antas\u0131\u00a0 &#8211; \u00a0Siyah<\/strong><\/p>\n<p>Joyfull Turtle markal\u0131 bisiklet \u00fc\u00e7gen model kadro \u00e7antas\u0131, bisiklet kilidini, anahtarlar\u0131n\u0131, k\u0131z arkada\u015f\u0131n\u0131n \u015fal\u0131n\u0131, erkek arkada\u015f\u0131n\u0131n terliklerini ta\u015f\u0131yabilir. Pratik depolama alan\u0131, temel e\u015fyalar\u0131n\u0131 ta\u015f\u0131yabilmen i\u00e7in m\u00fckemmel bir se\u00e7enektir. Su ge\u00e7irmez, silinebilen kuma\u015f\u0131, uzun \u00f6m\u00fcrl\u00fc kullan\u0131m i\u00e7in sa\u011flam ve dayanakl\u0131d\u0131r. \u00a0Ultra hafiftir. Bisiklet \u00e7er\u00e7evenize kolayca monte edilir ve sabitlenir.<\/p>\n<p>Bisiklet \u00fc\u00e7gen \u00e7er\u00e7eve \u00e7antas\u0131, \u00a0t\u00fcm s\u00fcr\u00fc\u015flerinizde size kolayl\u0131k sa\u011flayacakt\u0131r. C\u0131rt c\u0131rtlar\u0131 sa\u011flam, estetik tasar\u0131m\u0131 \u00e7ok be\u011fenilen, telefon, anahtar ve su gibi e\u015fyalar\u0131 rahat\u00e7a ta\u015f\u0131yabilen i\u00e7 hacmi \u00e7ok geni\u015f olan Joyfull Turtle markal\u0131 bisiklet \u00fc\u00e7gen \u00e7anta, uygun fiyat\u0131 ve kaliteli yap\u0131s\u0131yla \u00f6ne \u00e7\u0131kmaktad\u0131r.<\/p>\n<p>\u00d6l\u00e7\u00fcleri: \u00a029&#215;29 cm<\/p>\n<p>Kal\u0131nl\u0131k : 5 cm<\/p>\n","protected":false},"excerpt":{"rendered":"<p><strong>Joyfull Turtle Bisiklet Kadro \u00c7antas\u0131\u00a0 &#8211; \u00a0Siyah<\/strong><\/p>\n<p>Joyfull Turtle markal\u0131 bisiklet \u00fc\u00e7gen model kadro \u00e7antas\u0131, bisiklet kilidini, anahtarlar\u0131n\u0131, k\u0131z arkada\u015f\u0131n\u0131n \u015fal\u0131n\u0131, erkek arkada\u015f\u0131n\u0131n terliklerini ta\u015f\u0131yabilir.<\/p>\n","protected":false},"featured_media":1705,"comment_status":"open","ping_status":"closed","template":"","meta":[],"product_brand":[],"product_cat":[242,201,70],"product_tag":[194,250,195,196],"class_list":{"0":"post-1704","1":"product","2":"type-product","3":"status-publish","4":"has-post-thumbnail","6":"product_cat-kamp","7":"product_cat-karavan","8":"product_cat-outdoor","9":"product_tag-bisiklet-aksesuari","10":"product_tag-bisiklet-ekipman","11":"product_tag-bisiklet-kadro-canta","12":"product_tag-kadro-cantasi","14":"first","15":"instock","16":"sale","17":"shipping-taxable","18":"purchasable","19":"product-type-simple"},"aioseo_notices":[],"jetpack_sharing_enabled":true,"_links":{"self":[{"href":"https:\/\/joyfullturtle.com\/index.php\/wp-json\/wp\/v2\/product\/1704","targetHints":{"allow":["GET"]}}],"collection":[{"href":"https:\/\/joyfullturtle.com\/index.php\/wp-json\/wp\/v2\/product"}],"about":[{"href":"https:\/\/joyfullturtle.com\/index.php\/wp-json\/wp\/v2\/types\/product"}],"replies":[{"embeddable":true,"href":"https:\/\/joyfullturtle.com\/index.php\/wp-json\/wp\/v2\/comments?post=1704"}],"wp:featuredmedia":[{"embeddable":true,"href":"https:\/\/joyfullturtle.com\/index.php\/wp-json\/wp\/v2\/media\/1705"}],"wp:attachment":[{"href":"https:\/\/joyfullturtle.com\/index.php\/wp-json\/wp\/v2\/media?parent=1704"}],"wp:term":[{"taxonomy":"product_brand","embeddable":true,"href":"https:\/\/joyfullturtle.com\/index.php\/wp-json\/wp\/v2\/product_brand?post=1704"},{"taxonomy":"product_cat","embeddable":true,"href":"https:\/\/joyfullturtle.com\/index.php\/wp-json\/wp\/v2\/product_cat?post=1704"},{"taxonomy":"product_tag","embeddable":true,"href":"https:\/\/joyfullturtle.com\/index.php\/wp-json\/wp\/v2\/product_tag?post=1704"}],"curies":[{"name":"wp","href":"https:\/\/api.w.org\/{rel}","templated":true}]}}