{"id":1694,"date":"2026-01-04T22:20:23","date_gmt":"2026-01-04T19:20:23","guid":{"rendered":"https:\/\/joyfullturtle.com\/?post_type=product&#038;p=1694"},"modified":"2026-01-14T22:12:26","modified_gmt":"2026-01-14T19:12:26","slug":"panelvan-organizer-3-lu-set-siyah","status":"publish","type":"product","link":"https:\/\/joyfullturtle.com\/index.php\/urun\/panelvan-organizer-3-lu-set-siyah\/","title":{"rendered":"PanelVan Organizer 3 l\u00fc Set &#8211; Siyah"},"content":{"rendered":"<p><strong>PanelVan Organizer 3 l\u00fc Set &#8211; Siyah<\/strong><\/p>\n<p><strong>\u00a0<\/strong>Set Peugeot\/Opel\/Citroen\/Toyota\/ Fiat Doblo Tipi Kasalara Uygun PanelVan Organizer 3 l\u00fc Set &#8211; Siyah<\/p>\n<p>Dayan\u0131kl\u0131 malzeme, g\u00fc\u00e7l\u00fc tutu\u015f, maksimum kullan\u0131m alan\u0131. Bu \u00fcr\u00fcn 3 organizerden olu\u015fan settir. Set; bir arka panelvan organizer, sa\u011f ve sol panelvan yan organizerden olu\u015fmaktad\u0131r.<\/p>\n<p>S\u00fcr\u00fcc\u00fcler i\u00e7in k\u00fc\u00e7\u00fck ama etkisi b\u00fcy\u00fck bir \u00e7\u00f6z\u00fcm. Ara\u00e7 i\u00e7i d\u00fczeni bir \u00fcst seviyeye ta\u015f\u0131mak isteyenler i\u00e7in tasarland\u0131. Bu organizer ile hem yerden tasarruf et hem de arad\u0131\u011f\u0131n her \u015feyi an\u0131nda bul.<\/p>\n<p>Joyfull Turtle markal\u0131 2019 sonras\u0131 modellere uyumlu panelvan tipi ara\u00e7lar yan paneller ve arka panel i\u00e7in d\u00fczenleyici organizer seti, cepleri ile e\u015fyalar\u0131n\u0131z\u0131 kolay bir \u015fekilde b\u00f6lmelere yerle\u015ftirebilirsiniz. Geni\u015f cep \u00f6l\u00e7\u00fcleri e\u015fyalar\u0131n\u0131z\u0131 yerle\u015ftirmede kolayl\u0131k sa\u011flar. \u015e\u0131k tasar\u0131m\u0131 ile ara\u00e7 i\u00e7inde konfor sa\u011flar.<\/p>\n<p>Birden fazla b\u00f6lme ve cep sunan bu organizer, \u015fehir i\u00e7i ve \u015fehir d\u0131\u015f\u0131 t\u00fcm ihtiya\u00e7 duyabilecek her \u015feyi d\u00fczenli bir \u015fekilde saklamak i\u00e7in idealdir.<\/p>\n<p>Silinebilir kuma\u015ftan \u00fcretilmi\u015ftir.<\/p>\n<p>Kolay tak\u0131l\u0131r ve \u00e7\u0131kart\u0131l\u0131r.<\/p>\n<p><strong>Panelvan Yan Organizerlerin \u00d6l\u00e7\u00fcleri:<\/strong><\/p>\n<p>Renk: Siyah<\/p>\n<p>Y\u00fckseklik: 52 cm<\/p>\n<p>Geni\u015flik : 95 cm<\/p>\n<p><strong>Panelvan Arka Organizerin \u00d6l\u00e7\u00fcleri:<\/strong><\/p>\n<p>Renk: Siyah<\/p>\n<p>Y\u00fckseklik: 30 cm<\/p>\n<p>Geni\u015flik : 88 cm<\/p>\n<p><strong>\u00d6zellikleri<\/strong><\/p>\n<ul>\n<li>Panelvan arka, sa\u011f ve sol yan panellere uyumlu 3 l\u00fc set<\/li>\n<li>C\u0131rt ile kolay montaj<\/li>\n<li>Yan panellerde 4 adet file g\u00f6z<\/li>\n<li>Arka panelde 5 adet file g\u00f6z<\/li>\n<li>Dayan\u0131kl\u0131 malzeme<\/li>\n<li>Kolay tak\u0131l\u0131r \u00e7\u0131kart\u0131l\u0131r<\/li>\n<li>2019 sonras\u0131 doblo tipi t\u00fcm panel van ara\u00e7lar i\u00e7in uygun<\/li>\n<li>Silinebilir<\/li>\n<\/ul>\n","protected":false},"excerpt":{"rendered":"<p><strong>PanelVan Organizer 3 l\u00fc Set &#8211; Siyah<\/strong><\/p>\n<p><strong>\u00a0<\/strong>Set Peugeot\/Opel\/Citroen\/Toyota\/ Fiat Doblo Tipi Kasalara Uygun PanelVan Organizer 3 l\u00fc Set &#8211; Siyah<\/p>\n<p>Dayan\u0131kl\u0131 malzeme, g\u00fc\u00e7l\u00fc tutu\u015f, maksimum kullan\u0131m alan\u0131. Bu \u00fcr\u00fcn 3 organizerden olu\u015fan settir. Set; bir arka panelvan organizer, sa\u011f ve sol panelvan yan organizerden olu\u015fmaktad\u0131r.<\/p>\n","protected":false},"featured_media":1695,"comment_status":"open","ping_status":"closed","template":"","meta":[],"product_brand":[],"product_cat":[70],"product_tag":[183,185,188,251,187,189,174,190,184],"class_list":{"0":"post-1694","1":"product","2":"type-product","3":"status-publish","4":"has-post-thumbnail","6":"product_cat-outdoor","7":"product_tag-arac-organizer","8":"product_tag-citroen-organizer","9":"product_tag-doblo-panelvan-organizer","10":"product_tag-duzenleyici","11":"product_tag-fiat-panelvan-organizer","12":"product_tag-opel-panelvan-organizer","13":"product_tag-organizer","14":"product_tag-organizer-set","15":"product_tag-peugeot-organizer","17":"first","18":"instock","19":"sale","20":"shipping-taxable","21":"purchasable","22":"product-type-simple"},"aioseo_notices":[],"jetpack_sharing_enabled":true,"_links":{"self":[{"href":"https:\/\/joyfullturtle.com\/index.php\/wp-json\/wp\/v2\/product\/1694","targetHints":{"allow":["GET"]}}],"collection":[{"href":"https:\/\/joyfullturtle.com\/index.php\/wp-json\/wp\/v2\/product"}],"about":[{"href":"https:\/\/joyfullturtle.com\/index.php\/wp-json\/wp\/v2\/types\/product"}],"replies":[{"embeddable":true,"href":"https:\/\/joyfullturtle.com\/index.php\/wp-json\/wp\/v2\/comments?post=1694"}],"wp:featuredmedia":[{"embeddable":true,"href":"https:\/\/joyfullturtle.com\/index.php\/wp-json\/wp\/v2\/media\/1695"}],"wp:attachment":[{"href":"https:\/\/joyfullturtle.com\/index.php\/wp-json\/wp\/v2\/media?parent=1694"}],"wp:term":[{"taxonomy":"product_brand","embeddable":true,"href":"https:\/\/joyfullturtle.com\/index.php\/wp-json\/wp\/v2\/product_brand?post=1694"},{"taxonomy":"product_cat","embeddable":true,"href":"https:\/\/joyfullturtle.com\/index.php\/wp-json\/wp\/v2\/product_cat?post=1694"},{"taxonomy":"product_tag","embeddable":true,"href":"https:\/\/joyfullturtle.com\/index.php\/wp-json\/wp\/v2\/product_tag?post=1694"}],"curies":[{"name":"wp","href":"https:\/\/api.w.org\/{rel}","templated":true}]}}