{"id":1661,"date":"2026-01-04T21:54:11","date_gmt":"2026-01-04T18:54:11","guid":{"rendered":"https:\/\/joyfullturtle.com\/?post_type=product&#038;p=1661"},"modified":"2026-01-14T22:14:53","modified_gmt":"2026-01-14T19:14:53","slug":"panel-van-organizer-siyah","status":"publish","type":"product","link":"https:\/\/joyfullturtle.com\/index.php\/urun\/panel-van-organizer-siyah\/","title":{"rendered":"Panel Van  Organizer  &#8211; Siyah"},"content":{"rendered":"<table width=\"655\">\n<tbody>\n<tr>\n<td width=\"655\"><strong>Panel Van\u00a0 Organizer\u00a0 &#8211; Siyah<\/strong><\/td>\n<\/tr>\n<\/tbody>\n<\/table>\n<p><strong>Peugeot\/Opel\/Citroen\/Toyota\/ Fiat Doblo Tipi Panel Van Kasalara Uyumlu Organizer<\/strong><\/p>\n<p>Joyfull Turtle markal\u0131 2019 sonras\u0131 modeller i\u00e7in uyumlu panel van tipi ara\u00e7lar i\u00e7in d\u00fczenleyici organizerin cepleri ile e\u015fyalar\u0131n\u0131z\u0131 kolay bir \u015fekilde b\u00f6lmelere yerle\u015ftirebilirsiniz. Toplam 5 cepten olu\u015fmaktad\u0131r. Farkl\u0131 \u00f6l\u00e7\u00fcleri ile e\u015fyalar\u0131n\u0131z\u0131 yerle\u015ftirmede kolayl\u0131k sa\u011flar. \u015e\u0131k tasar\u0131m\u0131 ile ara\u00e7 i\u00e7inde konfor sa\u011flar.<\/p>\n<p>Birden fazla b\u00f6lme ve cep sunan bu organizer, \u015femsiye, ilk yard\u0131m, reflekt\u00f6r, \u00e7eki halat\u0131, takviye kablosu, yang\u0131n t\u00fcp\u00fc, alet \u00e7antas\u0131, bak\u0131m malzemeleri, temizlik malzemeleri vb. gibi her t\u00fcrl\u00fc e\u015fyan\u0131z i\u00e7in d\u00fczenleme sunar. \u015eehir i\u00e7i ve \u015fehir d\u0131\u015f\u0131 t\u00fcm ihtiya\u00e7 duyabilecek her \u015feyi d\u00fczenli bir \u015fekilde saklamak i\u00e7in idealdir.<\/p>\n<p>Silinebilir \u00f6zellikte kuma\u015ftan \u00fcretilmi\u015ftir. Kolay tak\u0131l\u0131r, \u00e7\u0131kart\u0131l\u0131r.<\/p>\n<p>Ayarlanabilir kemerleri sayesinde kolay tak\u0131l\u0131r ve \u00e7\u0131kart\u0131l\u0131r.<\/p>\n<p><strong>Renk<\/strong>: Siyah<\/p>\n<p><strong>Y\u00fckseklik:<\/strong> 30<\/p>\n<p><strong>Geni\u015flik<\/strong> : 88<\/p>\n<p>&nbsp;<\/p>\n<p><strong>\u00d6zellikleri<\/strong><\/p>\n<ul>\n<li>Ayarlanabilir Kemer Ask\u0131<\/li>\n<li>Farkl\u0131 boyutlarda g\u00f6z<\/li>\n<li>Dayan\u0131kl\u0131 malzeme<\/li>\n<li>Kolay tak\u0131l\u0131r, \u00e7\u0131kar\u0131l\u0131r<\/li>\n<li>2019 sonras\u0131 t\u00fcm panel van ara\u00e7lar i\u00e7in uygun<\/li>\n<li>Silinebilir<\/li>\n<\/ul>\n","protected":false},"excerpt":{"rendered":"<table width=\"655\">\n<tbody>\n<tr>\n<td width=\"655\"><strong>Panel Van\u00a0 Organizer\u00a0 &#8211; Siyah<\/strong><\/td>\n<\/tr>\n<\/tbody>\n<\/table>\n<p>Peugeot\/Opel\/Citroen\/Toyota\/ Fiat Doblo Tipi Panel Van Kasalara Uyumlu Organizer<\/p>\n","protected":false},"featured_media":1676,"comment_status":"open","ping_status":"closed","template":"","meta":[],"product_brand":[154],"product_cat":[70],"product_tag":[183,185,188,251,187,189,252,182,184,186],"class_list":{"0":"post-1661","1":"product","2":"type-product","3":"status-publish","4":"has-post-thumbnail","6":"product_brand-joyfull-turtle","7":"product_cat-outdoor","8":"product_tag-arac-organizer","9":"product_tag-citroen-organizer","10":"product_tag-doblo-panelvan-organizer","11":"product_tag-duzenleyici","12":"product_tag-fiat-panelvan-organizer","13":"product_tag-opel-panelvan-organizer","14":"product_tag-panelvan","15":"product_tag-panelvan-organizer","16":"product_tag-peugeot-organizer","17":"product_tag-toyota-organizer","19":"first","20":"instock","21":"sale","22":"shipping-taxable","23":"purchasable","24":"product-type-simple"},"aioseo_notices":[],"jetpack_sharing_enabled":true,"_links":{"self":[{"href":"https:\/\/joyfullturtle.com\/index.php\/wp-json\/wp\/v2\/product\/1661","targetHints":{"allow":["GET"]}}],"collection":[{"href":"https:\/\/joyfullturtle.com\/index.php\/wp-json\/wp\/v2\/product"}],"about":[{"href":"https:\/\/joyfullturtle.com\/index.php\/wp-json\/wp\/v2\/types\/product"}],"replies":[{"embeddable":true,"href":"https:\/\/joyfullturtle.com\/index.php\/wp-json\/wp\/v2\/comments?post=1661"}],"wp:featuredmedia":[{"embeddable":true,"href":"https:\/\/joyfullturtle.com\/index.php\/wp-json\/wp\/v2\/media\/1676"}],"wp:attachment":[{"href":"https:\/\/joyfullturtle.com\/index.php\/wp-json\/wp\/v2\/media?parent=1661"}],"wp:term":[{"taxonomy":"product_brand","embeddable":true,"href":"https:\/\/joyfullturtle.com\/index.php\/wp-json\/wp\/v2\/product_brand?post=1661"},{"taxonomy":"product_cat","embeddable":true,"href":"https:\/\/joyfullturtle.com\/index.php\/wp-json\/wp\/v2\/product_cat?post=1661"},{"taxonomy":"product_tag","embeddable":true,"href":"https:\/\/joyfullturtle.com\/index.php\/wp-json\/wp\/v2\/product_tag?post=1661"}],"curies":[{"name":"wp","href":"https:\/\/api.w.org\/{rel}","templated":true}]}}