{"id":1404,"date":"2025-03-20T13:21:56","date_gmt":"2025-03-20T10:21:56","guid":{"rendered":"https:\/\/joyfullturtle.com\/?post_type=product&#038;p=1404"},"modified":"2026-01-14T22:42:22","modified_gmt":"2026-01-14T19:42:22","slug":"kamp-karavan-malzeme-cantasi-ayarlanabilir-yukseklik","status":"publish","type":"product","link":"https:\/\/joyfullturtle.com\/index.php\/urun\/kamp-karavan-malzeme-cantasi-ayarlanabilir-yukseklik\/","title":{"rendered":"Kamp Karavan Malzeme \u00c7antas\u0131 Ayarlanabilir Y\u00fckseklik"},"content":{"rendered":"<p>Joyfull Turtle Markal\u0131 Y\u0131kanabilir Kamp Karavan Malzeme \u00c7antas\u0131 Ayarlanabilir Y\u00fckseklik<br \/>\n26x13x13 cm ayarlanabilir y\u00fckselikli kamp karavan malzeme \u00e7antas\u0131, sizlere kolayl\u0131k sa\u011flayacak \u00fcr\u00fcnlerinizi yan\u0131n\u0131zda kolayca depolama imkan\u0131 sa\u011flayacak. Bu \u00fcr\u00fcn, kullan\u0131\u015fl\u0131 ebat\u0131 ile sizinle her yere kolayca ta\u015f\u0131nacak.<\/p>\n<p>Gerekli ekipman ve aletlerinizi rahat\u00e7a ta\u015f\u0131yabilirsiniz. Fermuarl\u0131. \u00d6n ve arka k\u0131s\u0131mlar\u0131nda, fermuarl\u0131 ekstra g\u00f6z\u00fc var. Toplamda ana g\u00f6z ile 3 g\u00f6zl\u00fc bir \u00e7anta. Ta\u015f\u0131mas\u0131 rahat. Kuma\u015f\u0131 desenli. Kuma\u015f\u0131 sa\u011flam ve dayan\u0131kl\u0131d\u0131r.<\/p>\n<p>Kenar\u0131nda yer alan uzatma aparat\u0131 ile y\u00fcksekli\u011fi 13 cm&#8217;den 18 cm &#8216;ye y\u00fckseltilerek daha geni\u015f hacimli kullan\u0131labiliyor.<\/p>\n<p>30 derecede y\u0131kayabilirsiniz.<\/p>\n<p>Modern ve \u015f\u0131k tasar\u0131m\u0131 sayesinde her ortamda kullan\u0131labilir.<\/p>\n","protected":false},"excerpt":{"rendered":"<ul>\n<li>Kamp, Karavan Malzeme \u00c7antas\u0131<\/li>\n<li>\u00d6l\u00e7\u00fcleri: 13x13x26 cm&#8217;dir.<\/li>\n<li>3 g\u00f6zl\u00fcd\u00fcr. D\u0131\u015f k\u0131sm\u0131nda 2 adet fermuarl\u0131 g\u00f6z\u00fc bulunmaktad\u0131r.<\/li>\n<li>Su ge\u00e7irmez, laminasyonlu kuma\u015ftan \u00fcretilmi\u015ftir.<\/li>\n<li>Taban\u0131 desteklidir.<\/li>\n<li>Ayarlanabilir y\u00fckseklik \u00f6zelli\u011fi vard\u0131r<\/li>\n<\/ul>\n","protected":false},"featured_media":1405,"comment_status":"open","ping_status":"closed","template":"","meta":[],"product_brand":[154],"product_cat":[242,201],"product_tag":[123,256,125,257,124,126],"class_list":{"0":"post-1404","1":"product","2":"type-product","3":"status-publish","4":"has-post-thumbnail","6":"product_brand-joyfull-turtle","7":"product_cat-kamp","8":"product_cat-karavan","9":"product_tag-alet-cantasi","10":"product_tag-kamp-ekipman","11":"product_tag-karavan-cantasi","12":"product_tag-karavan-ekipman","13":"product_tag-malzeme-cantasi","14":"product_tag-sofor-koltuk-alti-canta","16":"first","17":"instock","18":"shipping-taxable","19":"purchasable","20":"product-type-simple"},"aioseo_notices":[],"jetpack_sharing_enabled":true,"_links":{"self":[{"href":"https:\/\/joyfullturtle.com\/index.php\/wp-json\/wp\/v2\/product\/1404","targetHints":{"allow":["GET"]}}],"collection":[{"href":"https:\/\/joyfullturtle.com\/index.php\/wp-json\/wp\/v2\/product"}],"about":[{"href":"https:\/\/joyfullturtle.com\/index.php\/wp-json\/wp\/v2\/types\/product"}],"replies":[{"embeddable":true,"href":"https:\/\/joyfullturtle.com\/index.php\/wp-json\/wp\/v2\/comments?post=1404"}],"wp:featuredmedia":[{"embeddable":true,"href":"https:\/\/joyfullturtle.com\/index.php\/wp-json\/wp\/v2\/media\/1405"}],"wp:attachment":[{"href":"https:\/\/joyfullturtle.com\/index.php\/wp-json\/wp\/v2\/media?parent=1404"}],"wp:term":[{"taxonomy":"product_brand","embeddable":true,"href":"https:\/\/joyfullturtle.com\/index.php\/wp-json\/wp\/v2\/product_brand?post=1404"},{"taxonomy":"product_cat","embeddable":true,"href":"https:\/\/joyfullturtle.com\/index.php\/wp-json\/wp\/v2\/product_cat?post=1404"},{"taxonomy":"product_tag","embeddable":true,"href":"https:\/\/joyfullturtle.com\/index.php\/wp-json\/wp\/v2\/product_tag?post=1404"}],"curies":[{"name":"wp","href":"https:\/\/api.w.org\/{rel}","templated":true}]}}