{"id":68,"date":"2019-04-18T11:20:25","date_gmt":"2019-04-18T11:20:25","guid":{"rendered":"https:\/\/envothemes.com\/envo-ecommerce\/?page_id=68"},"modified":"2025-02-19T21:08:35","modified_gmt":"2025-02-19T18:08:35","slug":"sale","status":"publish","type":"page","link":"https:\/\/joyfullturtle.com\/index.php\/sale\/","title":{"rendered":"Sale"},"content":{"rendered":"\t\t<div data-elementor-type=\"wp-post\" data-elementor-id=\"68\" class=\"elementor elementor-68\">\n\t\t\t\t\t\t<section class=\"elementor-section elementor-top-section elementor-element elementor-element-f5c33db elementor-section-height-min-height elementor-section-content-middle elementor-section-boxed elementor-section-height-default elementor-section-items-middle\" data-id=\"f5c33db\" data-element_type=\"section\" data-e-type=\"section\" data-settings=\"{&quot;background_background&quot;:&quot;classic&quot;}\">\n\t\t\t\t\t\t\t<div class=\"elementor-background-overlay\"><\/div>\n\t\t\t\t\t\t\t<div class=\"elementor-container elementor-column-gap-no\">\n\t\t\t\t\t<div class=\"elementor-column elementor-col-100 elementor-top-column elementor-element elementor-element-6e3fa25c\" data-id=\"6e3fa25c\" data-element_type=\"column\" data-e-type=\"column\">\n\t\t\t<div class=\"elementor-widget-wrap elementor-element-populated\">\n\t\t\t\t\t\t<div class=\"elementor-element elementor-element-7fcf1d6c elementor-widget elementor-widget-heading\" data-id=\"7fcf1d6c\" data-element_type=\"widget\" data-e-type=\"widget\" data-widget_type=\"heading.default\">\n\t\t\t\t<div class=\"elementor-widget-container\">\n\t\t\t\t\t<h1 class=\"elementor-heading-title elementor-size-default\">\u0130ND\u0130R\u0130ML\u0130<\/h1>\t\t\t\t<\/div>\n\t\t\t\t<\/div>\n\t\t\t\t<div class=\"elementor-element elementor-element-7abc37af elementor-widget elementor-widget-text-editor\" data-id=\"7abc37af\" data-element_type=\"widget\" data-e-type=\"widget\" data-widget_type=\"text-editor.default\">\n\t\t\t\t<div class=\"elementor-widget-container\">\n\t\t\t\t\t\t\t\t\t<h1>\u00dcR\u00dcNLER<\/h1>\t\t\t\t\t\t\t\t<\/div>\n\t\t\t\t<\/div>\n\t\t\t\t\t<\/div>\n\t\t<\/div>\n\t\t\t\t\t<\/div>\n\t\t<\/section>\n\t\t\t\t<section class=\"elementor-section elementor-top-section elementor-element elementor-element-65c9551 elementor-section-boxed elementor-section-height-default elementor-section-height-default\" data-id=\"65c9551\" data-element_type=\"section\" data-e-type=\"section\">\n\t\t\t\t\t\t<div class=\"elementor-container elementor-column-gap-default\">\n\t\t\t\t\t<div class=\"elementor-column elementor-col-100 elementor-top-column elementor-element elementor-element-6b36de2\" data-id=\"6b36de2\" data-element_type=\"column\" data-e-type=\"column\">\n\t\t\t<div class=\"elementor-widget-wrap elementor-element-populated\">\n\t\t\t\t\t\t<div class=\"elementor-element elementor-element-8f0a6b0 elementor-widget elementor-widget-shortcode\" data-id=\"8f0a6b0\" data-element_type=\"widget\" data-e-type=\"widget\" data-widget_type=\"shortcode.default\">\n\t\t\t\t<div class=\"elementor-widget-container\">\n\t\t\t\t\t\t\t<div class=\"elementor-shortcode\"><div class=\"woocommerce columns-3 quick-sale\"><ul class=\"products columns-3\">\n<li class=\"product type-product post-1810 status-publish first instock product_cat-kamp product_cat-outdoor product_tag-bel-cantasi product_tag-bel-ve-omuz-cantasi product_tag-kamp-cantasi product_tag-kirmizi-bel-cantasi product_tag-siyah-bel-cantasi has-post-thumbnail sale shipping-taxable purchasable product-type-simple\">\n\t<a href=\"https:\/\/joyfullturtle.com\/index.php\/urun\/blackjoy-bel-ve-omuz-cantasi-kirmizi-astarli\/\" class=\"woocommerce-LoopProduct-link woocommerce-loop-product__link\">\n\t<span class=\"onsale\">\u0130ndirim!<\/span>\n\t<img fetchpriority=\"high\" decoding=\"async\" width=\"300\" height=\"300\" src=\"https:\/\/joyfullturtle.com\/wp-content\/uploads\/2026\/01\/blackjoybelcantakirmiziastar2-300x300.jpg\" class=\"attachment-woocommerce_thumbnail size-woocommerce_thumbnail\" alt=\"BlackJoy Bel ve Omuz \u00c7antas\u0131 - K\u0131rm\u0131z\u0131 Astarl\u0131\" srcset=\"https:\/\/joyfullturtle.com\/wp-content\/uploads\/2026\/01\/blackjoybelcantakirmiziastar2-300x300.jpg 300w, https:\/\/joyfullturtle.com\/wp-content\/uploads\/2026\/01\/blackjoybelcantakirmiziastar2-150x150.jpg 150w, https:\/\/joyfullturtle.com\/wp-content\/uploads\/2026\/01\/blackjoybelcantakirmiziastar2-100x100.jpg 100w\" sizes=\"(max-width: 300px) 100vw, 300px\" \/><h2 class=\"woocommerce-loop-product__title\">BlackJoy Bel ve Omuz \u00c7antas\u0131 &#8211; K\u0131rm\u0131z\u0131 Astarl\u0131<\/h2>\n\t<span class=\"price\"><del aria-hidden=\"true\"><span class=\"woocommerce-Price-amount amount\"><bdi>2.450,00<span class=\"woocommerce-Price-currencySymbol\">&#8378;<\/span><\/bdi><\/span><\/del> <span class=\"screen-reader-text\">Orijinal fiyat: 2.450,00&#8378;.<\/span><ins aria-hidden=\"true\"><span class=\"woocommerce-Price-amount amount\"><bdi>1.850,00<span class=\"woocommerce-Price-currencySymbol\">&#8378;<\/span><\/bdi><\/span><\/ins><span class=\"screen-reader-text\">\u015eu andaki fiyat: 1.850,00&#8378;.<\/span><\/span>\n<\/a><a href=\"\/index.php\/wp-json\/wp\/v2\/pages\/68?add-to-cart=1810\" aria-describedby=\"woocommerce_loop_add_to_cart_link_describedby_1810\" data-quantity=\"1\" class=\"button product_type_simple add_to_cart_button ajax_add_to_cart\" data-product_id=\"1810\" data-product_sku=\"BJBOC01\" aria-label=\"Sepete ekle: \u201cBlackJoy Bel ve Omuz \u00c7antas\u0131 - K\u0131rm\u0131z\u0131 Astarl\u0131\u201d\" rel=\"nofollow\" data-success_message=\"&quot;BlackJoy Bel ve Omuz \u00c7antas\u0131 - K\u0131rm\u0131z\u0131 Astarl\u0131&quot; sepetinize eklendi\">Sepete Ekle<\/a>\t<span id=\"woocommerce_loop_add_to_cart_link_describedby_1810\" class=\"screen-reader-text\">\n\t\t\t<\/span>\n<\/li>\n<li class=\"product type-product post-1773 status-publish instock product_cat-karavan product_cat-outdoor product_tag-canta product_tag-erkek-canta product_tag-seyahat-cantasi product_tag-sik-canta has-post-thumbnail sale shipping-taxable purchasable product-type-simple\">\n\t<a href=\"https:\/\/joyfullturtle.com\/index.php\/urun\/black-joy-seyahat-cantasi-siyah-kahverengi-astarli\/\" class=\"woocommerce-LoopProduct-link woocommerce-loop-product__link\">\n\t<span class=\"onsale\">\u0130ndirim!<\/span>\n\t<img decoding=\"async\" width=\"300\" height=\"300\" src=\"https:\/\/joyfullturtle.com\/wp-content\/uploads\/2026\/01\/seyahatcanta1-300x300.jpg\" class=\"attachment-woocommerce_thumbnail size-woocommerce_thumbnail\" alt=\"Black Joy Seyahat \u00c7antas\u0131 - Siyah - Kahverengi Astarl\u0131\" srcset=\"https:\/\/joyfullturtle.com\/wp-content\/uploads\/2026\/01\/seyahatcanta1-300x300.jpg 300w, https:\/\/joyfullturtle.com\/wp-content\/uploads\/2026\/01\/seyahatcanta1-150x150.jpg 150w, https:\/\/joyfullturtle.com\/wp-content\/uploads\/2026\/01\/seyahatcanta1-100x100.jpg 100w\" sizes=\"(max-width: 300px) 100vw, 300px\" \/><h2 class=\"woocommerce-loop-product__title\">Black Joy Seyahat \u00c7antas\u0131 &#8211; Siyah &#8211; Kahverengi Astarl\u0131<\/h2>\n\t<span class=\"price\"><del aria-hidden=\"true\"><span class=\"woocommerce-Price-amount amount\"><bdi>4.200,00<span class=\"woocommerce-Price-currencySymbol\">&#8378;<\/span><\/bdi><\/span><\/del> <span class=\"screen-reader-text\">Orijinal fiyat: 4.200,00&#8378;.<\/span><ins aria-hidden=\"true\"><span class=\"woocommerce-Price-amount amount\"><bdi>3.900,00<span class=\"woocommerce-Price-currencySymbol\">&#8378;<\/span><\/bdi><\/span><\/ins><span class=\"screen-reader-text\">\u015eu andaki fiyat: 3.900,00&#8378;.<\/span><\/span>\n<\/a><a href=\"\/index.php\/wp-json\/wp\/v2\/pages\/68?add-to-cart=1773\" aria-describedby=\"woocommerce_loop_add_to_cart_link_describedby_1773\" data-quantity=\"1\" class=\"button product_type_simple add_to_cart_button ajax_add_to_cart\" data-product_id=\"1773\" data-product_sku=\"BJSC01\" aria-label=\"Sepete ekle: \u201cBlack Joy Seyahat \u00c7antas\u0131 - Siyah - Kahverengi Astarl\u0131\u201d\" rel=\"nofollow\" data-success_message=\"&quot;Black Joy Seyahat \u00c7antas\u0131 - Siyah - Kahverengi Astarl\u0131&quot; sepetinize eklendi\">Sepete Ekle<\/a>\t<span id=\"woocommerce_loop_add_to_cart_link_describedby_1773\" class=\"screen-reader-text\">\n\t\t\t<\/span>\n<\/li>\n<li class=\"product type-product post-1772 status-publish last instock product_cat-kamp product_cat-karavan product_tag-ahsap-katlanir-masa product_tag-cinar-masa product_tag-kamp-masa product_tag-katlanir-masa has-post-thumbnail sale shipping-taxable purchasable product-type-simple\">\n\t<a href=\"https:\/\/joyfullturtle.com\/index.php\/urun\/ahsap-katlanir-rulo-kamp-masasi-cinar-70x70x50-cm\/\" class=\"woocommerce-LoopProduct-link woocommerce-loop-product__link\">\n\t<span class=\"onsale\">\u0130ndirim!<\/span>\n\t<img decoding=\"async\" width=\"300\" height=\"300\" src=\"https:\/\/joyfullturtle.com\/wp-content\/uploads\/2026\/01\/masa3-300x300.jpg\" class=\"attachment-woocommerce_thumbnail size-woocommerce_thumbnail\" alt=\"Ah\u015fap Katlan\u0131r Rulo Kamp Masas\u0131 - \u00c7\u0131nar - 70x70x50 cm\" srcset=\"https:\/\/joyfullturtle.com\/wp-content\/uploads\/2026\/01\/masa3-300x300.jpg 300w, https:\/\/joyfullturtle.com\/wp-content\/uploads\/2026\/01\/masa3-150x150.jpg 150w, https:\/\/joyfullturtle.com\/wp-content\/uploads\/2026\/01\/masa3-100x100.jpg 100w\" sizes=\"(max-width: 300px) 100vw, 300px\" \/><h2 class=\"woocommerce-loop-product__title\">Ah\u015fap Katlan\u0131r Rulo Kamp Masas\u0131 &#8211; \u00c7\u0131nar &#8211; 70x70x50 cm<\/h2>\n\t<span class=\"price\"><del aria-hidden=\"true\"><span class=\"woocommerce-Price-amount amount\"><bdi>1.600,00<span class=\"woocommerce-Price-currencySymbol\">&#8378;<\/span><\/bdi><\/span><\/del> <span class=\"screen-reader-text\">Orijinal fiyat: 1.600,00&#8378;.<\/span><ins aria-hidden=\"true\"><span class=\"woocommerce-Price-amount amount\"><bdi>1.500,00<span class=\"woocommerce-Price-currencySymbol\">&#8378;<\/span><\/bdi><\/span><\/ins><span class=\"screen-reader-text\">\u015eu andaki fiyat: 1.500,00&#8378;.<\/span><\/span>\n<\/a><a href=\"\/index.php\/wp-json\/wp\/v2\/pages\/68?add-to-cart=1772\" aria-describedby=\"woocommerce_loop_add_to_cart_link_describedby_1772\" data-quantity=\"1\" class=\"button product_type_simple add_to_cart_button ajax_add_to_cart\" data-product_id=\"1772\" data-product_sku=\"JT-CAKRKM-03\" aria-label=\"Sepete ekle: \u201cAh\u015fap Katlan\u0131r Rulo Kamp Masas\u0131 - \u00c7\u0131nar - 70x70x50 cm\u201d\" rel=\"nofollow\" data-success_message=\"&quot;Ah\u015fap Katlan\u0131r Rulo Kamp Masas\u0131 - \u00c7\u0131nar - 70x70x50 cm&quot; sepetinize eklendi\">Sepete Ekle<\/a>\t<span id=\"woocommerce_loop_add_to_cart_link_describedby_1772\" class=\"screen-reader-text\">\n\t\t\t<\/span>\n<\/li>\n<li class=\"product type-product post-1766 status-publish first instock product_cat-kamp product_cat-karavan product_tag-kayin-katlanir-masa product_tag-kayin-masa product_tag-masa product_tag-rulo-katlanir-masa has-post-thumbnail sale shipping-taxable purchasable product-type-simple\">\n\t<a href=\"https:\/\/joyfullturtle.com\/index.php\/urun\/ahsap-katlanir-rulo-kamp-masasi-kayin-70x70x50-cm\/\" class=\"woocommerce-LoopProduct-link woocommerce-loop-product__link\">\n\t<span class=\"onsale\">\u0130ndirim!<\/span>\n\t<img loading=\"lazy\" decoding=\"async\" width=\"300\" height=\"300\" src=\"https:\/\/joyfullturtle.com\/wp-content\/uploads\/2026\/01\/masa13-300x300.jpg\" class=\"attachment-woocommerce_thumbnail size-woocommerce_thumbnail\" alt=\"Ah\u015fap Katlan\u0131r Rulo Kamp Masas\u0131 - Kay\u0131n - 70x70x50 cm\" srcset=\"https:\/\/joyfullturtle.com\/wp-content\/uploads\/2026\/01\/masa13-300x300.jpg 300w, https:\/\/joyfullturtle.com\/wp-content\/uploads\/2026\/01\/masa13-150x150.jpg 150w, https:\/\/joyfullturtle.com\/wp-content\/uploads\/2026\/01\/masa13-100x100.jpg 100w\" sizes=\"(max-width: 300px) 100vw, 300px\" \/><h2 class=\"woocommerce-loop-product__title\">Ah\u015fap Katlan\u0131r Rulo Kamp Masas\u0131 &#8211; Kay\u0131n &#8211; 70x70x50 cm<\/h2>\n\t<span class=\"price\"><del aria-hidden=\"true\"><span class=\"woocommerce-Price-amount amount\"><bdi>2.200,00<span class=\"woocommerce-Price-currencySymbol\">&#8378;<\/span><\/bdi><\/span><\/del> <span class=\"screen-reader-text\">Orijinal fiyat: 2.200,00&#8378;.<\/span><ins aria-hidden=\"true\"><span class=\"woocommerce-Price-amount amount\"><bdi>2.100,00<span class=\"woocommerce-Price-currencySymbol\">&#8378;<\/span><\/bdi><\/span><\/ins><span class=\"screen-reader-text\">\u015eu andaki fiyat: 2.100,00&#8378;.<\/span><\/span>\n<\/a><a href=\"\/index.php\/wp-json\/wp\/v2\/pages\/68?add-to-cart=1766\" aria-describedby=\"woocommerce_loop_add_to_cart_link_describedby_1766\" data-quantity=\"1\" class=\"button product_type_simple add_to_cart_button ajax_add_to_cart\" data-product_id=\"1766\" data-product_sku=\"JT-KAKRKM-03\" aria-label=\"Sepete ekle: \u201cAh\u015fap Katlan\u0131r Rulo Kamp Masas\u0131 - Kay\u0131n - 70x70x50 cm\u201d\" rel=\"nofollow\" data-success_message=\"&quot;Ah\u015fap Katlan\u0131r Rulo Kamp Masas\u0131 - Kay\u0131n - 70x70x50 cm&quot; sepetinize eklendi\">Sepete Ekle<\/a>\t<span id=\"woocommerce_loop_add_to_cart_link_describedby_1766\" class=\"screen-reader-text\">\n\t\t\t<\/span>\n<\/li>\n<li class=\"product type-product post-1760 status-publish instock product_cat-kamp product_cat-karavan product_tag-kayin-katlanir-masa product_tag-kayin-masa product_tag-masa product_tag-rulo-kamp-masasi has-post-thumbnail sale shipping-taxable purchasable product-type-simple\">\n\t<a href=\"https:\/\/joyfullturtle.com\/index.php\/urun\/ahsap-katlanir-rulo-kamp-masasi-kayin-70x70x60-cm\/\" class=\"woocommerce-LoopProduct-link woocommerce-loop-product__link\">\n\t<span class=\"onsale\">\u0130ndirim!<\/span>\n\t<img loading=\"lazy\" decoding=\"async\" width=\"300\" height=\"300\" src=\"https:\/\/joyfullturtle.com\/wp-content\/uploads\/2026\/01\/masa8-300x300.jpg\" class=\"attachment-woocommerce_thumbnail size-woocommerce_thumbnail\" alt=\"Ah\u015fap Katlan\u0131r Rulo Kamp Masas\u0131 - Kay\u0131n - 70x70x60 cm\" srcset=\"https:\/\/joyfullturtle.com\/wp-content\/uploads\/2026\/01\/masa8-300x300.jpg 300w, https:\/\/joyfullturtle.com\/wp-content\/uploads\/2026\/01\/masa8-150x150.jpg 150w, https:\/\/joyfullturtle.com\/wp-content\/uploads\/2026\/01\/masa8-100x100.jpg 100w\" sizes=\"(max-width: 300px) 100vw, 300px\" \/><h2 class=\"woocommerce-loop-product__title\">Ah\u015fap Katlan\u0131r Rulo Kamp Masas\u0131 &#8211; Kay\u0131n &#8211; 70x70x60 cm<\/h2>\n\t<span class=\"price\"><del aria-hidden=\"true\"><span class=\"woocommerce-Price-amount amount\"><bdi>2.500,00<span class=\"woocommerce-Price-currencySymbol\">&#8378;<\/span><\/bdi><\/span><\/del> <span class=\"screen-reader-text\">Orijinal fiyat: 2.500,00&#8378;.<\/span><ins aria-hidden=\"true\"><span class=\"woocommerce-Price-amount amount\"><bdi>2.400,00<span class=\"woocommerce-Price-currencySymbol\">&#8378;<\/span><\/bdi><\/span><\/ins><span class=\"screen-reader-text\">\u015eu andaki fiyat: 2.400,00&#8378;.<\/span><\/span>\n<\/a><a href=\"\/index.php\/wp-json\/wp\/v2\/pages\/68?add-to-cart=1760\" aria-describedby=\"woocommerce_loop_add_to_cart_link_describedby_1760\" data-quantity=\"1\" class=\"button product_type_simple add_to_cart_button ajax_add_to_cart\" data-product_id=\"1760\" data-product_sku=\"JT-KAKRKM-02\" aria-label=\"Sepete ekle: \u201cAh\u015fap Katlan\u0131r Rulo Kamp Masas\u0131 - Kay\u0131n - 70x70x60 cm\u201d\" rel=\"nofollow\" data-success_message=\"&quot;Ah\u015fap Katlan\u0131r Rulo Kamp Masas\u0131 - Kay\u0131n - 70x70x60 cm&quot; sepetinize eklendi\">Sepete Ekle<\/a>\t<span id=\"woocommerce_loop_add_to_cart_link_describedby_1760\" class=\"screen-reader-text\">\n\t\t\t<\/span>\n<\/li>\n<li class=\"product type-product post-1730 status-publish last instock product_cat-anne_bebek product_tag-anne-bebek product_tag-anne-bebek-cantasi product_tag-seyahat-cantasi has-post-thumbnail sale shipping-taxable purchasable product-type-simple\">\n\t<a href=\"https:\/\/joyfullturtle.com\/index.php\/urun\/dora-anne-bebek-seyahat-cantasi\/\" class=\"woocommerce-LoopProduct-link woocommerce-loop-product__link\">\n\t<span class=\"onsale\">\u0130ndirim!<\/span>\n\t<img loading=\"lazy\" decoding=\"async\" width=\"300\" height=\"300\" src=\"https:\/\/joyfullturtle.com\/wp-content\/uploads\/2026\/01\/bebekseyahatcanta1-300x300.jpg\" class=\"attachment-woocommerce_thumbnail size-woocommerce_thumbnail\" alt=\"Dora Anne Bebek Seyahat \u00c7antas\u0131\" srcset=\"https:\/\/joyfullturtle.com\/wp-content\/uploads\/2026\/01\/bebekseyahatcanta1-300x300.jpg 300w, https:\/\/joyfullturtle.com\/wp-content\/uploads\/2026\/01\/bebekseyahatcanta1-150x150.jpg 150w, https:\/\/joyfullturtle.com\/wp-content\/uploads\/2026\/01\/bebekseyahatcanta1-100x100.jpg 100w\" sizes=\"(max-width: 300px) 100vw, 300px\" \/><h2 class=\"woocommerce-loop-product__title\">Dora Anne Bebek Seyahat \u00c7antas\u0131<\/h2>\n\t<span class=\"price\"><del aria-hidden=\"true\"><span class=\"woocommerce-Price-amount amount\"><bdi>3.600,00<span class=\"woocommerce-Price-currencySymbol\">&#8378;<\/span><\/bdi><\/span><\/del> <span class=\"screen-reader-text\">Orijinal fiyat: 3.600,00&#8378;.<\/span><ins aria-hidden=\"true\"><span class=\"woocommerce-Price-amount amount\"><bdi>3.500,00<span class=\"woocommerce-Price-currencySymbol\">&#8378;<\/span><\/bdi><\/span><\/ins><span class=\"screen-reader-text\">\u015eu andaki fiyat: 3.500,00&#8378;.<\/span><\/span>\n<\/a><a href=\"\/index.php\/wp-json\/wp\/v2\/pages\/68?add-to-cart=1730\" aria-describedby=\"woocommerce_loop_add_to_cart_link_describedby_1730\" data-quantity=\"1\" class=\"button product_type_simple add_to_cart_button ajax_add_to_cart\" data-product_id=\"1730\" data-product_sku=\"JT-ABSC-001\" aria-label=\"Sepete ekle: \u201cDora Anne Bebek Seyahat \u00c7antas\u0131\u201d\" rel=\"nofollow\" data-success_message=\"&quot;Dora Anne Bebek Seyahat \u00c7antas\u0131&quot; sepetinize eklendi\">Sepete Ekle<\/a>\t<span id=\"woocommerce_loop_add_to_cart_link_describedby_1730\" class=\"screen-reader-text\">\n\t\t\t<\/span>\n<\/li>\n<\/ul>\n<\/div><\/div>\n\t\t\t\t\t\t<\/div>\n\t\t\t\t<\/div>\n\t\t\t\t\t<\/div>\n\t\t<\/div>\n\t\t\t\t\t<\/div>\n\t\t<\/section>\n\t\t\t\t<\/div>\n\t\t","protected":false},"excerpt":{"rendered":"<p>\u0130ND\u0130R\u0130ML\u0130 \u00dcR\u00dcNLER<\/p>\n","protected":false},"author":1,"featured_media":0,"parent":0,"menu_order":0,"comment_status":"closed","ping_status":"closed","template":"template-parts\/template-page-builders.php","meta":{"footnotes":""},"class_list":["post-68","page","type-page","status-publish","hentry"],"aioseo_notices":[],"jetpack_sharing_enabled":true,"_links":{"self":[{"href":"https:\/\/joyfullturtle.com\/index.php\/wp-json\/wp\/v2\/pages\/68","targetHints":{"allow":["GET"]}}],"collection":[{"href":"https:\/\/joyfullturtle.com\/index.php\/wp-json\/wp\/v2\/pages"}],"about":[{"href":"https:\/\/joyfullturtle.com\/index.php\/wp-json\/wp\/v2\/types\/page"}],"author":[{"embeddable":true,"href":"https:\/\/joyfullturtle.com\/index.php\/wp-json\/wp\/v2\/users\/1"}],"replies":[{"embeddable":true,"href":"https:\/\/joyfullturtle.com\/index.php\/wp-json\/wp\/v2\/comments?post=68"}],"version-history":[{"count":15,"href":"https:\/\/joyfullturtle.com\/index.php\/wp-json\/wp\/v2\/pages\/68\/revisions"}],"predecessor-version":[{"id":1239,"href":"https:\/\/joyfullturtle.com\/index.php\/wp-json\/wp\/v2\/pages\/68\/revisions\/1239"}],"wp:attachment":[{"href":"https:\/\/joyfullturtle.com\/index.php\/wp-json\/wp\/v2\/media?parent=68"}],"curies":[{"name":"wp","href":"https:\/\/api.w.org\/{rel}","templated":true}]}}