{"id":539,"date":"2025-01-26T21:26:52","date_gmt":"2025-01-26T18:26:52","guid":{"rendered":"https:\/\/joyfullturtle.com\/?page_id=539"},"modified":"2025-01-31T22:40:52","modified_gmt":"2025-01-31T19:40:52","slug":"sss","status":"publish","type":"page","link":"https:\/\/joyfullturtle.com\/index.php\/sale\/sss\/","title":{"rendered":"S\u0131k Sorulan Sorular"},"content":{"rendered":"\t\t<div data-elementor-type=\"wp-page\" data-elementor-id=\"539\" class=\"elementor elementor-539\">\n\t\t\t\t<div class=\"elementor-element elementor-element-a093ed6 e-flex e-con-boxed e-con e-parent\" data-id=\"a093ed6\" data-element_type=\"container\" data-e-type=\"container\">\n\t\t\t\t\t<div class=\"e-con-inner\">\n\t\t\t\t<div class=\"elementor-element elementor-element-3d2993b elementor-widget elementor-widget-heading\" data-id=\"3d2993b\" data-element_type=\"widget\" data-e-type=\"widget\" data-widget_type=\"heading.default\">\n\t\t\t\t<div class=\"elementor-widget-container\">\n\t\t\t\t\t<h2 class=\"elementor-heading-title elementor-size-default\">S\u0131k Sorulan Sorular<\/h2>\t\t\t\t<\/div>\n\t\t\t\t<\/div>\n\t\t\t\t\t<\/div>\n\t\t\t\t<\/div>\n\t\t<div class=\"elementor-element elementor-element-6293d4c e-grid e-con-boxed e-con e-parent\" data-id=\"6293d4c\" data-element_type=\"container\" data-e-type=\"container\">\n\t\t\t\t\t<div class=\"e-con-inner\">\n\t\t\t\t<div class=\"elementor-element elementor-element-0edb16f elementor-widget elementor-widget-text-editor\" data-id=\"0edb16f\" data-element_type=\"widget\" data-e-type=\"widget\" data-widget_type=\"text-editor.default\">\n\t\t\t\t<div class=\"elementor-widget-container\">\n\t\t\t\t\t\t\t\t\t<p><strong>\u00dcr\u00fcn iadesini ka\u00e7 g\u00fcn i\u00e7erisinde yapmam gerekir?<\/strong><\/p>\n<p>\u00dcr\u00fcn iadesini, \u00fcr\u00fcn\u00fcn\u00fcz teslim ald\u0131ktan sonra 14 g\u00fcn i\u00e7inde geri iade edebilirsiniz. \u0130ade \u00fcr\u00fcn\u00fcn\u00fcz incelendikten sonra onaylanmas\u0131 halinde \u00fccretiniz hesab\u0131n\u0131za geri yat\u0131r\u0131lacakt\u0131r.<\/p>\t\t\t\t\t\t\t\t<\/div>\n\t\t\t\t<\/div>\n\t\t\t\t<div class=\"elementor-element elementor-element-b2085fb elementor-widget elementor-widget-text-editor\" data-id=\"b2085fb\" data-element_type=\"widget\" data-e-type=\"widget\" data-widget_type=\"text-editor.default\">\n\t\t\t\t<div class=\"elementor-widget-container\">\n\t\t\t\t\t\t\t\t\t<p><strong>\u00dcr\u00fcn iadesi i\u00e7in ne yapmam gerekir?<\/strong><\/p>\n<p>\u00dcr\u00fcn iadesi i\u00e7in <a href=\"https:\/\/joyfullturtle.com\/index.php\/kolay-iade\/\">kolay iade<\/a> sayfam\u0131z\u0131 kullanabilirsiniz.<\/p>\t\t\t\t\t\t\t\t<\/div>\n\t\t\t\t<\/div>\n\t\t\t\t<div class=\"elementor-element elementor-element-dce5ddb elementor-widget elementor-widget-text-editor\" data-id=\"dce5ddb\" data-element_type=\"widget\" data-e-type=\"widget\" data-widget_type=\"text-editor.default\">\n\t\t\t\t<div class=\"elementor-widget-container\">\n\t\t\t\t\t\t\t\t\t<p><strong>\u00dcr\u00fcn\u00fc, farkl\u0131 \u00f6l\u00e7\u00fclerde sipari\u015f verebilir miyim?<\/strong><\/p>\n<p>Baz\u0131 \u00fcr\u00fcnlerimizde, yard\u0131mc\u0131 olmaya \u00e7al\u0131\u015f\u0131yoruz. \u00d6rne\u011fin; katlan\u0131r kamp masas\u0131nda farkl\u0131 ayak \u00f6l\u00e7\u00fclerinde \u00fcretim yapabiliyoruz. \u0130steklerinizi joyfullturtle@gmail.com adresine, irtibat numaran\u0131z ile birlikte iletirseniz size en k\u0131sa zamanda bilgi verilecektir.<\/p>\t\t\t\t\t\t\t\t<\/div>\n\t\t\t\t<\/div>\n\t\t\t\t\t<\/div>\n\t\t\t\t<\/div>\n\t\t<div class=\"elementor-element elementor-element-5539a9d e-grid e-con-boxed e-con e-parent\" data-id=\"5539a9d\" data-element_type=\"container\" data-e-type=\"container\">\n\t\t\t\t\t<div class=\"e-con-inner\">\n\t\t\t\t<div class=\"elementor-element elementor-element-0100bce elementor-widget elementor-widget-text-editor\" data-id=\"0100bce\" data-element_type=\"widget\" data-e-type=\"widget\" data-widget_type=\"text-editor.default\">\n\t\t\t\t<div class=\"elementor-widget-container\">\n\t\t\t\t\t\t\t\t\t<p><strong>Sipari\u015fim ka\u00e7 g\u00fcn i\u00e7inde elime ula\u015f\u0131r?<\/strong><\/p>\n<p>\u00dcr\u00fcn sat\u0131n al\u0131nd\u0131ktan sonra normal ta\u015f\u0131ma ko\u015fullar\u0131na ba\u011fl\u0131 olarak 3 g\u00fcn i\u00e7erisinde elinize ula\u015f\u0131r<\/p>\t\t\t\t\t\t\t\t<\/div>\n\t\t\t\t<\/div>\n\t\t\t\t<div class=\"elementor-element elementor-element-2c01f0f elementor-widget elementor-widget-text-editor\" data-id=\"2c01f0f\" data-element_type=\"widget\" data-e-type=\"widget\" data-widget_type=\"text-editor.default\">\n\t\t\t\t<div class=\"elementor-widget-container\">\n\t\t\t\t\t\t\t\t\t<p><strong>Montaj konusunda yard\u0131mc\u0131 oluyor musunuz?<\/strong><\/p>\n<p>\u00dcr\u00fcnlerimizin, nas\u0131l kurulaca\u011f\u0131 ile ilgili kurulum k\u0131lavuzlar\u0131, \u00fcr\u00fcn ile birlikte elinize ula\u015fmaktad\u0131r.\u00a0<\/p>\t\t\t\t\t\t\t\t<\/div>\n\t\t\t\t<\/div>\n\t\t\t\t<div class=\"elementor-element elementor-element-eb39c98 elementor-widget elementor-widget-text-editor\" data-id=\"eb39c98\" data-element_type=\"widget\" data-e-type=\"widget\" data-widget_type=\"text-editor.default\">\n\t\t\t\t<div class=\"elementor-widget-container\">\n\t\t\t\t\t\t\t\t\t<p><strong>Yeni \u00fcr\u00fcnlerden nas\u0131l haberdar olabilirim?<\/strong><\/p>\n<p>Yeni \u00fcr\u00fcnlerimiz, ilk olarak instagram hesab\u0131m\u0131zda duyurulmaktad\u0131r<\/p>\t\t\t\t\t\t\t\t<\/div>\n\t\t\t\t<\/div>\n\t\t\t\t\t<\/div>\n\t\t\t\t<\/div>\n\t\t\t\t<\/div>\n\t\t","protected":false},"excerpt":{"rendered":"<p>S\u0131k Sorulan Sorular \u00dcr\u00fcn iadesini ka\u00e7 g\u00fcn i\u00e7erisinde yapmam gerekir? \u00dcr\u00fcn iadesini, \u00fcr\u00fcn\u00fcn\u00fcz teslim ald\u0131ktan sonra 14 g\u00fcn i\u00e7inde geri&hellip;<\/p>\n","protected":false},"author":1,"featured_media":0,"parent":68,"menu_order":0,"comment_status":"closed","ping_status":"closed","template":"template-parts\/template-page-builders.php","meta":{"footnotes":""},"class_list":["post-539","page","type-page","status-publish","hentry"],"aioseo_notices":[],"jetpack_sharing_enabled":true,"_links":{"self":[{"href":"https:\/\/joyfullturtle.com\/index.php\/wp-json\/wp\/v2\/pages\/539","targetHints":{"allow":["GET"]}}],"collection":[{"href":"https:\/\/joyfullturtle.com\/index.php\/wp-json\/wp\/v2\/pages"}],"about":[{"href":"https:\/\/joyfullturtle.com\/index.php\/wp-json\/wp\/v2\/types\/page"}],"author":[{"embeddable":true,"href":"https:\/\/joyfullturtle.com\/index.php\/wp-json\/wp\/v2\/users\/1"}],"replies":[{"embeddable":true,"href":"https:\/\/joyfullturtle.com\/index.php\/wp-json\/wp\/v2\/comments?post=539"}],"version-history":[{"count":17,"href":"https:\/\/joyfullturtle.com\/index.php\/wp-json\/wp\/v2\/pages\/539\/revisions"}],"predecessor-version":[{"id":771,"href":"https:\/\/joyfullturtle.com\/index.php\/wp-json\/wp\/v2\/pages\/539\/revisions\/771"}],"up":[{"embeddable":true,"href":"https:\/\/joyfullturtle.com\/index.php\/wp-json\/wp\/v2\/pages\/68"}],"wp:attachment":[{"href":"https:\/\/joyfullturtle.com\/index.php\/wp-json\/wp\/v2\/media?parent=539"}],"curies":[{"name":"wp","href":"https:\/\/api.w.org\/{rel}","templated":true}]}}