{"id":20,"date":"2024-11-09T20:45:56","date_gmt":"2024-11-09T20:45:56","guid":{"rendered":"https:\/\/joyfullturtle.com\/index.php\/sepet\/"},"modified":"2024-11-09T20:45:56","modified_gmt":"2024-11-09T20:45:56","slug":"sepet","status":"publish","type":"page","link":"https:\/\/joyfullturtle.com\/index.php\/sepet\/","title":{"rendered":"Sepet"},"content":{"rendered":"\n<div data-block-name=\"woocommerce\/cart\" class=\"wp-block-woocommerce-cart alignwide is-loading\">\n<div data-block-name=\"woocommerce\/filled-cart-block\" class=\"wp-block-woocommerce-filled-cart-block\">\n<div data-block-name=\"woocommerce\/cart-items-block\" class=\"wp-block-woocommerce-cart-items-block\">\n<div data-block-name=\"woocommerce\/cart-line-items-block\" class=\"wp-block-woocommerce-cart-line-items-block\"><\/div>\n\n\n\n<div data-block-name=\"woocommerce\/cart-cross-sells-block\" class=\"wp-block-woocommerce-cart-cross-sells-block\">\n<h2 class=\"wp-block-heading has-large-font-size\">\u0130lginizi \u00e7ekebilir\u2026<\/h2>\n\n\n\n<div data-block-name=\"woocommerce\/cart-cross-sells-products-block\" class=\"wp-block-woocommerce-cart-cross-sells-products-block\"><\/div>\n<\/div>\n<\/div>\n\n\n\n<div data-block-name=\"woocommerce\/cart-totals-block\" class=\"wp-block-woocommerce-cart-totals-block\">\n<div data-block-name=\"woocommerce\/cart-order-summary-block\" class=\"wp-block-woocommerce-cart-order-summary-block\">\n<div data-block-name=\"woocommerce\/cart-order-summary-heading-block\" class=\"wp-block-woocommerce-cart-order-summary-heading-block\"><\/div><div data-block-name=\"woocommerce\/cart-order-summary-coupon-form-block\" class=\"wp-block-woocommerce-cart-order-summary-coupon-form-block\"><\/div><div data-block-name=\"woocommerce\/cart-order-summary-totals-block\" class=\"wp-block-woocommerce-cart-order-summary-totals-block\">\n<div data-block-name=\"woocommerce\/cart-order-summary-subtotal-block\" class=\"wp-block-woocommerce-cart-order-summary-subtotal-block\"><\/div>\n<div data-block-name=\"woocommerce\/cart-order-summary-discount-block\" class=\"wp-block-woocommerce-cart-order-summary-discount-block\"><\/div>\n<div data-block-name=\"woocommerce\/cart-order-summary-fee-block\" class=\"wp-block-woocommerce-cart-order-summary-fee-block\"><\/div>\n<div data-block-name=\"woocommerce\/cart-order-summary-shipping-block\" class=\"wp-block-woocommerce-cart-order-summary-shipping-block\"><\/div>\n<div data-block-name=\"woocommerce\/cart-order-summary-taxes-block\" class=\"wp-block-woocommerce-cart-order-summary-taxes-block\"><\/div><\/div>\n<\/div>\n\n\n\n<div data-block-name=\"woocommerce\/cart-express-payment-block\" class=\"wp-block-woocommerce-cart-express-payment-block\"><\/div>\n\n\n\n<div data-block-name=\"woocommerce\/proceed-to-checkout-block\" class=\"wp-block-woocommerce-proceed-to-checkout-block\"><\/div>\n\n\n\n<div data-block-name=\"woocommerce\/cart-accepted-payment-methods-block\" class=\"wp-block-woocommerce-cart-accepted-payment-methods-block\"><\/div>\n<\/div>\n<\/div>\n\n\n\n<div data-block-name=\"woocommerce\/empty-cart-block\" class=\"wp-block-woocommerce-empty-cart-block\">\n<h2 class=\"wp-block-heading has-text-align-center with-empty-cart-icon wc-block-cart__empty-cart__title\">Sepetiniz \u015fu anda bo\u015f!<\/h2>\n\n\n\n<hr class=\"wp-block-separator has-alpha-channel-opacity is-style-dots\"\/>\n\n\n\n<h2 class=\"wp-block-heading has-text-align-center\">Ma\u011fazada yeni<\/h2>\n\n\n<div data-block-name=\"woocommerce\/product-new\" data-columns=\"4\" data-rows=\"1\" class=\"wc-block-grid wp-block-product-new wp-block-woocommerce-product-new wc-block-product-new has-4-columns\"><ul class=\"wc-block-grid__products\"><li class=\"wc-block-grid__product\">\n\t\t\t\t<a href=\"https:\/\/joyfullturtle.com\/index.php\/urun\/ahsap-katlanir-sandalye-mavi-kilif-mavi-canta\/\" class=\"wc-block-grid__product-link\">\n\t\t\t\t\t\n\t\t\t\t\t<div class=\"wc-block-grid__product-image\"><img fetchpriority=\"high\" decoding=\"async\" width=\"300\" height=\"300\" src=\"https:\/\/joyfullturtle.com\/wp-content\/uploads\/2026\/01\/mavikolsuz7-300x300.jpg\" class=\"attachment-woocommerce_thumbnail size-woocommerce_thumbnail\" alt=\"Ah\u015fap Katlan\u0131r Sandalye - Mavi K\u0131l\u0131f - Mavi \u00c7anta\" srcset=\"https:\/\/joyfullturtle.com\/wp-content\/uploads\/2026\/01\/mavikolsuz7-300x300.jpg 300w, https:\/\/joyfullturtle.com\/wp-content\/uploads\/2026\/01\/mavikolsuz7-150x150.jpg 150w, https:\/\/joyfullturtle.com\/wp-content\/uploads\/2026\/01\/mavikolsuz7-100x100.jpg 100w\" sizes=\"(max-width: 300px) 100vw, 300px\" \/><\/div>\n\t\t\t\t\t<div class=\"wc-block-grid__product-title\">Ah\u015fap Katlan\u0131r Sandalye &#8211; Mavi K\u0131l\u0131f &#8211; Mavi \u00c7anta<\/div>\n\t\t\t\t<\/a>\n\t\t\t\t<div class=\"wc-block-grid__product-price price\"><span class=\"woocommerce-Price-amount amount\">4.950,00<span class=\"woocommerce-Price-currencySymbol\">&#8378;<\/span><\/span><\/div>\n\t\t\t\t\n\t\t\t\t<div class=\"wp-block-button wc-block-grid__product-add-to-cart\"><a href=\"\/index.php\/wp-json\/wp\/v2\/pages\/20?add-to-cart=1957\" aria-label=\"Sepete ekle: \u201cAh\u015fap Katlan\u0131r Sandalye - Mavi K\u0131l\u0131f - Mavi \u00c7anta\u201d\" data-quantity=\"1\" data-product_id=\"1957\" data-product_sku=\"JT-KKKS-04\" data-price=\"4950\" rel=\"nofollow\" class=\"wp-block-button__link  add_to_cart_button ajax_add_to_cart\">Sepete Ekle<\/a><\/div>\n\t\t\t<\/li><li class=\"wc-block-grid__product\">\n\t\t\t\t<a href=\"https:\/\/joyfullturtle.com\/index.php\/urun\/ahsap-katlanir-sandalye-kirmizi-kilif-kirmizi-canta\/\" class=\"wc-block-grid__product-link\">\n\t\t\t\t\t\n\t\t\t\t\t<div class=\"wc-block-grid__product-image\"><img decoding=\"async\" width=\"300\" height=\"300\" src=\"https:\/\/joyfullturtle.com\/wp-content\/uploads\/2026\/01\/kirmizikolsuz11-300x300.jpg\" class=\"attachment-woocommerce_thumbnail size-woocommerce_thumbnail\" alt=\"Ah\u015fap Katlan\u0131r Sandalye - K\u0131rm\u0131z\u0131 K\u0131l\u0131f - K\u0131rm\u0131z\u0131 \u00c7anta\" srcset=\"https:\/\/joyfullturtle.com\/wp-content\/uploads\/2026\/01\/kirmizikolsuz11-300x300.jpg 300w, https:\/\/joyfullturtle.com\/wp-content\/uploads\/2026\/01\/kirmizikolsuz11-150x150.jpg 150w, https:\/\/joyfullturtle.com\/wp-content\/uploads\/2026\/01\/kirmizikolsuz11-100x100.jpg 100w\" sizes=\"(max-width: 300px) 100vw, 300px\" \/><\/div>\n\t\t\t\t\t<div class=\"wc-block-grid__product-title\">Ah\u015fap Katlan\u0131r Sandalye &#8211; K\u0131rm\u0131z\u0131 K\u0131l\u0131f &#8211; K\u0131rm\u0131z\u0131 \u00c7anta<\/div>\n\t\t\t\t<\/a>\n\t\t\t\t<div class=\"wc-block-grid__product-price price\"><span class=\"woocommerce-Price-amount amount\">4.950,00<span class=\"woocommerce-Price-currencySymbol\">&#8378;<\/span><\/span><\/div>\n\t\t\t\t\n\t\t\t\t<div class=\"wp-block-button wc-block-grid__product-add-to-cart\"><a href=\"\/index.php\/wp-json\/wp\/v2\/pages\/20?add-to-cart=1949\" aria-label=\"Sepete ekle: \u201cAh\u015fap Katlan\u0131r Sandalye - K\u0131rm\u0131z\u0131 K\u0131l\u0131f - K\u0131rm\u0131z\u0131 \u00c7anta\u201d\" data-quantity=\"1\" data-product_id=\"1949\" data-product_sku=\"JT-KKKS-03\" data-price=\"4950\" rel=\"nofollow\" class=\"wp-block-button__link  add_to_cart_button ajax_add_to_cart\">Sepete Ekle<\/a><\/div>\n\t\t\t<\/li><li class=\"wc-block-grid__product\">\n\t\t\t\t<a href=\"https:\/\/joyfullturtle.com\/index.php\/urun\/ahsap-katlanir-sandalye-kahverengi-kilif-kahverengi-canta\/\" class=\"wc-block-grid__product-link\">\n\t\t\t\t\t\n\t\t\t\t\t<div class=\"wc-block-grid__product-image\"><img decoding=\"async\" width=\"300\" height=\"300\" src=\"https:\/\/joyfullturtle.com\/wp-content\/uploads\/2026\/01\/kahverengikolsuz1-300x300.jpg\" class=\"attachment-woocommerce_thumbnail size-woocommerce_thumbnail\" alt=\"Ah\u015fap Katlan\u0131r Sandalye - Kahverengi K\u0131l\u0131f - Kahverengi \u00c7anta\" srcset=\"https:\/\/joyfullturtle.com\/wp-content\/uploads\/2026\/01\/kahverengikolsuz1-300x300.jpg 300w, https:\/\/joyfullturtle.com\/wp-content\/uploads\/2026\/01\/kahverengikolsuz1-150x150.jpg 150w, https:\/\/joyfullturtle.com\/wp-content\/uploads\/2026\/01\/kahverengikolsuz1-100x100.jpg 100w\" sizes=\"(max-width: 300px) 100vw, 300px\" \/><\/div>\n\t\t\t\t\t<div class=\"wc-block-grid__product-title\">Ah\u015fap Katlan\u0131r Sandalye &#8211; Kahverengi K\u0131l\u0131f &#8211; Kahverengi \u00c7anta<\/div>\n\t\t\t\t<\/a>\n\t\t\t\t<div class=\"wc-block-grid__product-price price\"><span class=\"woocommerce-Price-amount amount\">4.950,00<span class=\"woocommerce-Price-currencySymbol\">&#8378;<\/span><\/span><\/div>\n\t\t\t\t\n\t\t\t\t<div class=\"wp-block-button wc-block-grid__product-add-to-cart\"><a href=\"\/index.php\/wp-json\/wp\/v2\/pages\/20?add-to-cart=1943\" aria-label=\"Sepete ekle: \u201cAh\u015fap Katlan\u0131r Sandalye - Kahverengi K\u0131l\u0131f - Kahverengi \u00c7anta\u201d\" data-quantity=\"1\" data-product_id=\"1943\" data-product_sku=\"JT-KKKS-02\" data-price=\"4950\" rel=\"nofollow\" class=\"wp-block-button__link  add_to_cart_button ajax_add_to_cart\">Sepete Ekle<\/a><\/div>\n\t\t\t<\/li><li class=\"wc-block-grid__product\">\n\t\t\t\t<a href=\"https:\/\/joyfullturtle.com\/index.php\/urun\/ahsap-katlanir-sandalye-turuncu-kilif-turuncu-canta\/\" class=\"wc-block-grid__product-link\">\n\t\t\t\t\t\n\t\t\t\t\t<div class=\"wc-block-grid__product-image\"><img loading=\"lazy\" decoding=\"async\" width=\"300\" height=\"300\" src=\"https:\/\/joyfullturtle.com\/wp-content\/uploads\/2026\/01\/turuncukolsuz7-300x300.jpg\" class=\"attachment-woocommerce_thumbnail size-woocommerce_thumbnail\" alt=\"Ah\u015fap Katlan\u0131r Sandalye - Turuncu K\u0131l\u0131f - Turuncu \u00c7anta\" srcset=\"https:\/\/joyfullturtle.com\/wp-content\/uploads\/2026\/01\/turuncukolsuz7-300x300.jpg 300w, https:\/\/joyfullturtle.com\/wp-content\/uploads\/2026\/01\/turuncukolsuz7-150x150.jpg 150w, https:\/\/joyfullturtle.com\/wp-content\/uploads\/2026\/01\/turuncukolsuz7-100x100.jpg 100w\" sizes=\"(max-width: 300px) 100vw, 300px\" \/><\/div>\n\t\t\t\t\t<div class=\"wc-block-grid__product-title\">Ah\u015fap Katlan\u0131r Sandalye &#8211; Turuncu K\u0131l\u0131f &#8211; Turuncu \u00c7anta<\/div>\n\t\t\t\t<\/a>\n\t\t\t\t<div class=\"wc-block-grid__product-price price\"><span class=\"woocommerce-Price-amount amount\">4.950,00<span class=\"woocommerce-Price-currencySymbol\">&#8378;<\/span><\/span><\/div>\n\t\t\t\t\n\t\t\t\t<div class=\"wp-block-button wc-block-grid__product-add-to-cart\"><a href=\"\/index.php\/wp-json\/wp\/v2\/pages\/20?add-to-cart=1933\" aria-label=\"Sepete ekle: \u201cAh\u015fap Katlan\u0131r Sandalye - Turuncu K\u0131l\u0131f - Turuncu \u00c7anta\u201d\" data-quantity=\"1\" data-product_id=\"1933\" data-product_sku=\"JT-KKKS-01\" data-price=\"4950\" rel=\"nofollow\" class=\"wp-block-button__link  add_to_cart_button ajax_add_to_cart\">Sepete Ekle<\/a><\/div>\n\t\t\t<\/li><\/ul><\/div><\/div>\n<\/div>\n","protected":false},"excerpt":{"rendered":"","protected":false},"author":1,"featured_media":0,"parent":0,"menu_order":0,"comment_status":"closed","ping_status":"closed","template":"","meta":{"footnotes":""},"class_list":["post-20","page","type-page","status-publish","hentry"],"aioseo_notices":[],"jetpack_sharing_enabled":true,"_links":{"self":[{"href":"https:\/\/joyfullturtle.com\/index.php\/wp-json\/wp\/v2\/pages\/20","targetHints":{"allow":["GET"]}}],"collection":[{"href":"https:\/\/joyfullturtle.com\/index.php\/wp-json\/wp\/v2\/pages"}],"about":[{"href":"https:\/\/joyfullturtle.com\/index.php\/wp-json\/wp\/v2\/types\/page"}],"author":[{"embeddable":true,"href":"https:\/\/joyfullturtle.com\/index.php\/wp-json\/wp\/v2\/users\/1"}],"replies":[{"embeddable":true,"href":"https:\/\/joyfullturtle.com\/index.php\/wp-json\/wp\/v2\/comments?post=20"}],"version-history":[{"count":0,"href":"https:\/\/joyfullturtle.com\/index.php\/wp-json\/wp\/v2\/pages\/20\/revisions"}],"wp:attachment":[{"href":"https:\/\/joyfullturtle.com\/index.php\/wp-json\/wp\/v2\/media?parent=20"}],"curies":[{"name":"wp","href":"https:\/\/api.w.org\/{rel}","templated":true}]}}