{"id":1361,"date":"2025-03-09T22:04:53","date_gmt":"2025-03-09T19:04:53","guid":{"rendered":"https:\/\/joyfullturtle.com\/?page_id=1361"},"modified":"2025-03-09T22:10:24","modified_gmt":"2025-03-09T19:10:24","slug":"on-bilgilendirme-formu","status":"publish","type":"page","link":"https:\/\/joyfullturtle.com\/index.php\/on-bilgilendirme-formu\/","title":{"rendered":"\u00d6n Bilgilendirme Formu"},"content":{"rendered":"\t\t<div data-elementor-type=\"wp-page\" data-elementor-id=\"1361\" class=\"elementor elementor-1361\">\n\t\t\t\t<div class=\"elementor-element elementor-element-5548e9d e-grid e-con-boxed e-con e-parent\" data-id=\"5548e9d\" data-element_type=\"container\" data-e-type=\"container\">\n\t\t\t\t\t<div class=\"e-con-inner\">\n\t\t\t\t<div class=\"elementor-element elementor-element-3705ce3 elementor-widget elementor-widget-text-editor\" data-id=\"3705ce3\" data-element_type=\"widget\" data-e-type=\"widget\" data-widget_type=\"text-editor.default\">\n\t\t\t\t<div class=\"elementor-widget-container\">\n\t\t\t\t\t\t\t\t\t<p>\u0130\u015fbu \u00d6n Bilgilendirme Formu\u2019nun konusu,\u00a0<strong>Makrobim Bilgisayar Sat\u0131\u015f ve E\u011fitim Merkezi Anonim \u015eirketi<\/strong>\u2019ne (\u201c<strong>Sat\u0131c\u0131<\/strong>\u201d) ait\u00a0<a href=\"http:\/\/www.joyfullturtle.com\/\" target=\"_top\" aria-describedby=\"forwarding-external-message\">www.joyfullturtle.com<\/a>\u00a0internet sitesinden elektronik ortamda sipari\u015fi yap\u0131lan a\u015fa\u011f\u0131da nitelikleri ve sat\u0131\u015f fiyat\u0131 belirtilen \u00fcr\u00fcn sat\u0131\u015f\u0131 ve teslimi ile ilgili olarak T\u00fcketicinin Korunmas\u0131 Hakk\u0131ndaki Kanun ve ilgili d\u00fczenlemeler \u00e7er\u00e7evesinde taraflar\u0131n hak ve y\u00fck\u00fcml\u00fcl\u00fcklerinin saptanmas\u0131 amac\u0131yla al\u0131c\u0131ya (\u201c<strong>Al\u0131c\u0131<\/strong>\u201d) \u00f6n bilgilendirmenin yap\u0131lmas\u0131d\u0131r. Bu bilgiler, iyi niyet ilkeleri \u00e7er\u00e7evesinde ergin olmayanlar ile ay\u0131rt etme g\u00fcc\u00fcnden yoksun veya k\u0131s\u0131tl\u0131 erginleri koruyacak \u015fekilde ticari ama\u00e7larla verilmi\u015ftir.<\/p><p><strong><u>Sat\u0131c\u0131 Bilgileri:<br \/><br \/><\/u>Unvan:<\/strong> Makrobim Bilgisayar Sat\u0131\u015f Ve E\u011fitim Merkezi Anonim \u015eirketi<\/p><p><strong>A\u00e7\u0131k Adres:<\/strong> \u0130hsaniye Mah. Alaaddin Bulvar\u0131 No:17\/101 Sel\u00e7uklu\/Konya<\/p><p><strong>E-posta:<\/strong> destek@joyfullturtle.com<\/p><p>\u00a0<\/p><p><strong>MERS\u0130S numaras\u0131:<\/strong> 0611000732800019<\/p><p><strong><u>T\u00fcketici Bilgileri:<br \/><\/u><\/strong><\/p><p><strong>Ad Soyad \/ Unvan:\u00a0<\/strong>[M\u00fc\u015fteri Ad\u0131 Soyad\u0131]<\/p><p><strong>Adres:<\/strong>\u00a0[M\u00fc\u015fteri Adresi]<\/p><p><strong>Telefon:<\/strong>\u00a0[M\u00fc\u015fteri Telefon Numaras\u0131]<\/p><p><strong>E-Posta:<\/strong>\u00a0[M\u00fc\u015fteri E-Posta Adresi]<\/p><p><strong><u>S\u00f6zle\u015fme konusu mal veya hizmetin temel nitelikleri:<\/u><\/strong><\/p><p>\u00dcr\u00fcn\u00fcn Ad\u0131: [Sipari\u015f \u0130\u00e7indeki \u00dcr\u00fcnlerin Ad\u0131]<\/p><p>\u00dcr\u00fcn\u00fcn Sipari\u015f Edilen Miktar\u0131: [Sipari\u015f \u0130\u00e7indeki \u00dcr\u00fcnlerin Say\u0131s\u0131]<\/p><p>Teslimat tarihi: [Kargo Teslim Tarihi]<\/p><p>Teslimat adresi: [Kargo Teslim Adresi]<\/p><p><strong><u>S\u00f6zle\u015fme konusu \u00fcr\u00fcn\u00fcn t\u00fcm vergiler dahil toplam fiyat\u0131:<\/u><\/strong><\/p><p><strong><u>Kargo \u00fccreti:<\/u><\/strong>\u00a0[Sipari\u015f Kargo \u00dccreti]<\/p><p><strong><u>Kargo ve t\u00fcm vergiler dahil toplam \u00fcr\u00fcn bedeli<\/u><\/strong><strong>:\u00a0<\/strong>[Sipari\u015f Toplam \u00dccreti]<\/p><p><strong><u>Al\u0131c\u0131\u2019n\u0131n \u00f6deyece\u011fi ek masraf:<\/u><\/strong>\u00a0[M\u00fc\u015fteri Sipari\u015f \u0130\u00e7in \u00d6deyece\u011fi Ek Tutar]<\/p><p><strong><u>Sipari\u015f bedelinin \u00f6denme \u015fekli:<\/u><\/strong>\u00a0[Sipari\u015f \u00d6denme \u015eekli]<\/p><p><strong><u>Teslimat \u015fekli:<\/u><\/strong>\u00a0[Kargo Y\u00f6ntemi]<\/p><p><strong><u>Sat\u0131c\u0131\u2019n\u0131n \u015fikayetlere ili\u015fkin \u00e7\u00f6z\u00fcm y\u00f6ntemleri:<\/u><\/strong>\u00a0Al\u0131c\u0131, sat\u0131n al\u0131nan mal ve\/veya hizmetlere ilgili \u015fik\u00e2yetlerini Sat\u0131c\u0131\u2019ya do\u011frudan (yukar\u0131da Sat\u0131c\u0131\u2019n\u0131n Bilgileri ba\u015fl\u0131\u011f\u0131 alt\u0131nda belirtilen ileti\u015fim adreslerini kullanarak) veya\u00a0<a href=\"http:\/\/www.Joyfullturtle.com\/\" target=\"_top\" aria-describedby=\"forwarding-external-message\">www.joyfullturtle.com<\/a>\u00a0web sitesi \u00fczerinden iletebilir. \u015eik\u00e2yetin iletilmesi halinde Sat\u0131c\u0131 sorunun \u00e7\u00f6z\u00fclmesi i\u00e7in m\u00fcmk\u00fcn olan t\u00fcm deste\u011fi sa\u011flayacakt\u0131r.<\/p><p><strong><u>6502 say\u0131l\u0131 T\u00fcketicinin Korunmas\u0131 Hakk\u0131nda Kanun ve Mesafeli S\u00f6zle\u015fmeler Y\u00f6netmeli\u011fi kapsam\u0131ndaki t\u00fcketici s\u0131fat\u0131n\u0131 haiz al\u0131c\u0131lar i\u00e7in cayma hakk\u0131 ve kullan\u0131m\u0131:<\/u><\/strong><\/p><p>6502 say\u0131l\u0131 T\u00fcketicinin Korunmas\u0131 Hakk\u0131nda Kanun ve Mesafeli S\u00f6zle\u015fmeler Y\u00f6netmeli\u011fi ilgili h\u00fck\u00fcmleri uyar\u0131nca;<\/p><p>Al\u0131c\u0131; mal sat\u0131\u015f\u0131na ili\u015fkin mesafeli s\u00f6zle\u015fmelerde, mal\u0131 teslim ald\u0131\u011f\u0131 tarihten itibaren 14 (ond\u00f6rt) g\u00fcn i\u00e7erisinde herhangi bir gerek\u00e7e g\u00f6stermeksizin ve cezai \u015fart \u00f6demeksizin s\u00f6zle\u015fmeden cayma hakk\u0131na sahiptir. Cayma hakk\u0131n\u0131n kullan\u0131ld\u0131\u011f\u0131na dair bildirimin bu s\u00fcre i\u00e7inde yaz\u0131l\u0131 olarak veya kal\u0131c\u0131 veri saklay\u0131c\u0131s\u0131 ile Sat\u0131c\u0131\u2019ya y\u00f6neltilmi\u015f olmas\u0131 yeterlidir.\u00a0<\/p><p>Ancak Al\u0131c\u0131\u2019n\u0131n cayma hakk\u0131\u00a0<strong>(i)\u00a0<\/strong>t\u00fcketicinin istekleri veya ki\u015fisel ihtiya\u00e7lar\u0131 do\u011frultusunda haz\u0131rlanan mallara,\u00a0<strong>(ii)<\/strong>\u00a0\u00e7abuk bozulabilen veya son kullanma tarihi ge\u00e7ebilecek mallar\u0131n teslimine,\u00a0<strong>(iii)<\/strong>\u00a0tesliminden sonra ambalaj, bant, m\u00fch\u00fcr, paket gibi koruyucu unsurlar\u0131 a\u00e7\u0131lm\u0131\u015f olan mallardan; iadesi sa\u011fl\u0131k ve hijyen a\u00e7\u0131s\u0131ndan uygun olmayanlar\u0131n teslimine\u00a0<strong>(iv)<\/strong>\u00a0tesliminden sonra ba\u015fka \u00fcr\u00fcnlerle kar\u0131\u015fan ve do\u011fas\u0131 gere\u011fi ayr\u0131\u015ft\u0131r\u0131lmas\u0131 m\u00fcmk\u00fcn olmayan mallara,\u00a0<strong>(v)<\/strong>\u00a0mal\u0131n tesliminden sonra ambalaj, bant, m\u00fch\u00fcr, paket gibi koruyucu unsurlar\u0131 a\u00e7\u0131lm\u0131\u015f olmas\u0131 halinde maddi ortamda sunulan kitap, dijital i\u00e7erik ve bilgisayar sarf malzemelerine,\u00a0<strong>(vi)<\/strong>\u00a0abonelik s\u00f6zle\u015fmesi kapsam\u0131nda sa\u011flananlar d\u0131\u015f\u0131nda, gazete ve dergi gibi s\u00fcreli yay\u0131nlar\u0131n teslimine,\u00a0<strong>(vii)<\/strong>\u00a0belirli bir tarihte veya d\u00f6nemde yap\u0131lmas\u0131 gereken, konaklama, e\u015fya ta\u015f\u0131ma, araba kiralama, yiyecek-i\u00e7ecek tedariki ve e\u011flence veya dinlenme amac\u0131yla yap\u0131lan bo\u015f zaman\u0131n de\u011ferlendirilmesine,<strong>\u00a0(viii)<\/strong>\u00a0elektronik ortamda an\u0131nda ifa edilen hizmetler veya t\u00fcketiciye an\u0131nda teslim edilen gayrimaddi mallara,\u00a0<strong>(ix)<\/strong>\u00a0cayma hakk\u0131 s\u00fcresi sona ermeden \u00f6nce, t\u00fcketicinin onay\u0131 ile ifas\u0131na ba\u015flanan hizmetlere, ve\u00a0<strong>(x)<\/strong>\u00a0fiyat\u0131 finansal piyasalardaki dalgalanmalara ba\u011fl\u0131 olarak de\u011fi\u015fen ve sat\u0131c\u0131 veya sa\u011flay\u0131c\u0131n\u0131n kontrol\u00fcnde olmayan mal veya hizmetlere ili\u015fkin s\u00f6zle\u015fmelere uygulanmaz ve Al\u0131c\u0131 bu s\u00f6zle\u015fmeler kapsam\u0131nda cayma hakk\u0131 kullanamaz.<\/p><p>Yukar\u0131daki paragrafta yazan istisnai durumlar dikkate al\u0131nd\u0131\u011f\u0131nda, Al\u0131c\u0131\u2019n\u0131n cayma hakk\u0131na sahip olmas\u0131 ve bunu kullanmas\u0131 halinde Sat\u0131c\u0131, cayma bildiriminin kendisine ula\u015ft\u0131\u011f\u0131 tarihten itibaren en ge\u00e7 14 (ond\u00f6rt) g\u00fcn i\u00e7erisinde alm\u0131\u015f oldu\u011fu toplam bedeli ve Al\u0131c\u0131\u2019y\u0131 bor\u00e7 alt\u0131na sokan k\u0131ymetli evrak ve benzeri her t\u00fcrl\u00fc belgeyi Al\u0131c\u0131\u2019ya hi\u00e7bir masraf y\u00fcklemeksizin iade etmekle y\u00fck\u00fcml\u00fcd\u00fcr.<\/p><p>Al\u0131c\u0131&#8217;n\u0131n cayma hakk\u0131n\u0131 kullanmas\u0131 halinde Sat\u0131c\u0131\u2019n\u0131n \u00f6ng\u00f6rd\u00fc\u011f\u00fc \u00fcr\u00fcn\u00fc iade alacak olan kargo \u015firketi Yurti\u00e7i Kargo&#8217;dur. Cayma hakk\u0131n\u0131n kullan\u0131lmas\u0131 halinde burada belirtilen kargo \u015firketi arac\u0131l\u0131\u011f\u0131yla mal\u0131n geri g\u00f6nderilmesi durumunda Al\u0131c\u0131 iadeye ili\u015fkin masraflardan sorumlu tutulmaz. Al\u0131c\u0131\u2019n\u0131n iade edece\u011fi mal\u0131 i\u015fbu formda belirtilen Sat\u0131c\u0131\u2019n\u0131n anla\u015fmal\u0131 kargo \u015firketi d\u0131\u015f\u0131nda bir kargo \u015firketi ile g\u00f6ndermesi halinde, iade kargo masraflar\u0131 ve mal\u0131n kargo s\u00fcrecinde u\u011frayaca\u011f\u0131 hasardan Sat\u0131c\u0131 sorumlu de\u011fildir.<\/p><p><strong><u>Uygulanabilir olmas\u0131 halinde cayma bildiriminin yap\u0131laca\u011f\u0131 a\u00e7\u0131k adres ve elektronik posta bilgileri:<\/u><\/strong><\/p><p><strong>Unvan:\u00a0<\/strong>Makrobim Bilgisayar Sat\u0131\u015f ve E\u011fitim Merkezi Anonim \u015eirketi<\/p><p><strong>Adres:\u00a0<\/strong>\u0130hsaniye Mah. Alaaddin Bulvar\u0131 No:17\/101 Sel\u00e7uklu\/Konya<\/p><p><strong>E-posta:\u00a0<\/strong>destek@joyfullturtle.com<\/p>\t\t\t\t\t\t\t\t<\/div>\n\t\t\t\t<\/div>\n\t\t\t\t\t<\/div>\n\t\t\t\t<\/div>\n\t\t\t\t<\/div>\n\t\t","protected":false},"excerpt":{"rendered":"<p>\u0130\u015fbu \u00d6n Bilgilendirme Formu\u2019nun konusu,\u00a0Makrobim Bilgisayar Sat\u0131\u015f ve E\u011fitim Merkezi Anonim \u015eirketi\u2019ne (\u201cSat\u0131c\u0131\u201d) ait\u00a0www.joyfullturtle.com\u00a0internet sitesinden elektronik ortamda sipari\u015fi yap\u0131lan a\u015fa\u011f\u0131da&hellip;<\/p>\n","protected":false},"author":1,"featured_media":0,"parent":0,"menu_order":0,"comment_status":"closed","ping_status":"closed","template":"","meta":{"footnotes":""},"class_list":["post-1361","page","type-page","status-publish","hentry"],"aioseo_notices":[],"jetpack_sharing_enabled":true,"_links":{"self":[{"href":"https:\/\/joyfullturtle.com\/index.php\/wp-json\/wp\/v2\/pages\/1361","targetHints":{"allow":["GET"]}}],"collection":[{"href":"https:\/\/joyfullturtle.com\/index.php\/wp-json\/wp\/v2\/pages"}],"about":[{"href":"https:\/\/joyfullturtle.com\/index.php\/wp-json\/wp\/v2\/types\/page"}],"author":[{"embeddable":true,"href":"https:\/\/joyfullturtle.com\/index.php\/wp-json\/wp\/v2\/users\/1"}],"replies":[{"embeddable":true,"href":"https:\/\/joyfullturtle.com\/index.php\/wp-json\/wp\/v2\/comments?post=1361"}],"version-history":[{"count":4,"href":"https:\/\/joyfullturtle.com\/index.php\/wp-json\/wp\/v2\/pages\/1361\/revisions"}],"predecessor-version":[{"id":1365,"href":"https:\/\/joyfullturtle.com\/index.php\/wp-json\/wp\/v2\/pages\/1361\/revisions\/1365"}],"wp:attachment":[{"href":"https:\/\/joyfullturtle.com\/index.php\/wp-json\/wp\/v2\/media?parent=1361"}],"curies":[{"name":"wp","href":"https:\/\/api.w.org\/{rel}","templated":true}]}}