{"id":1220,"date":"2025-02-15T23:23:55","date_gmt":"2025-02-15T20:23:55","guid":{"rendered":"https:\/\/joyfullturtle.com\/?page_id=1220"},"modified":"2025-02-19T23:00:19","modified_gmt":"2025-02-19T20:00:19","slug":"kupon","status":"publish","type":"page","link":"https:\/\/joyfullturtle.com\/index.php\/kupon\/","title":{"rendered":"Kupon Kampanyalar\u0131"},"content":{"rendered":"\t\t<div data-elementor-type=\"wp-page\" data-elementor-id=\"1220\" class=\"elementor elementor-1220\">\n\t\t\t\t<div class=\"elementor-element elementor-element-5c184d4 e-flex e-con-boxed e-con e-parent\" data-id=\"5c184d4\" data-element_type=\"container\" data-e-type=\"container\">\n\t\t\t\t\t<div class=\"e-con-inner\">\n\t\t\t\t<div class=\"elementor-element elementor-element-e8b8f22 elementor-widget elementor-widget-text-editor\" data-id=\"e8b8f22\" data-element_type=\"widget\" data-e-type=\"widget\" data-widget_type=\"text-editor.default\">\n\t\t\t\t<div class=\"elementor-widget-container\">\n\t\t\t\t\t\t\t\t\t<p>Kupon kampanyalar\u0131 s\u00fcrekli yenilenmektedir. 31 Mart 2025 tarihine kadar her 1.000,00 \u20ba ve \u00fczeri al\u0131\u015fveri\u015flerinizde 50 \u20ba indirim kuponu i\u00e7in kullanman\u0131z gereken KOD i\u00e7in \u00f6demeler ekran\u0131nda kupon kullan b\u00f6l\u00fcm\u00fcne KOD50 yazman\u0131z yeterlidir.<\/p>\t\t\t\t\t\t\t\t<\/div>\n\t\t\t\t<\/div>\n\t\t\t\t<div class=\"elementor-element elementor-element-e880672 elementor-widget elementor-widget-text-editor\" data-id=\"e880672\" data-element_type=\"widget\" data-e-type=\"widget\" data-widget_type=\"text-editor.default\">\n\t\t\t\t<div class=\"elementor-widget-container\">\n\t\t\t\t\t\t\t\t\t<p>M\u00fc\u015fterilerimize, baz\u0131 tarih aral\u0131klar\u0131nda \u00f6zel kodlar tan\u0131mlanmaktad\u0131r. Size \u00f6zel tan\u0131mlanan kupon kodlar\u0131, telefonunuza mesaj olarak iletilmektedir.<\/p>\t\t\t\t\t\t\t\t<\/div>\n\t\t\t\t<\/div>\n\t\t\t\t\t<\/div>\n\t\t\t\t<\/div>\n\t\t<div class=\"elementor-element elementor-element-585da44 e-grid e-con-full e-con e-parent\" data-id=\"585da44\" data-element_type=\"container\" data-e-type=\"container\">\n\t\t\t\t<div class=\"elementor-element elementor-element-879aa89 elementor-align-center elementor-widget elementor-widget-button\" data-id=\"879aa89\" data-element_type=\"widget\" data-e-type=\"widget\" data-widget_type=\"button.default\">\n\t\t\t\t<div class=\"elementor-widget-container\">\n\t\t\t\t\t\t\t\t\t<div class=\"elementor-button-wrapper\">\n\t\t\t\t\t<a class=\"elementor-button elementor-button-link elementor-size-sm\" href=\"https:\/\/joyfullturtle.com\/index.php\/shop\/\">\n\t\t\t\t\t\t<span class=\"elementor-button-content-wrapper\">\n\t\t\t\t\t\t\t\t\t<span class=\"elementor-button-text\">Al\u0131\u015fveri\u015fe Devam Et<\/span>\n\t\t\t\t\t<\/span>\n\t\t\t\t\t<\/a>\n\t\t\t\t<\/div>\n\t\t\t\t\t\t\t\t<\/div>\n\t\t\t\t<\/div>\n\t\t\t\t<\/div>\n\t\t\t\t<\/div>\n\t\t","protected":false},"excerpt":{"rendered":"<p>Kupon kampanyalar\u0131 s\u00fcrekli yenilenmektedir. 31 Mart 2025 tarihine kadar her 1.000,00 \u20ba ve \u00fczeri al\u0131\u015fveri\u015flerinizde 50 \u20ba indirim kuponu i\u00e7in&hellip;<\/p>\n","protected":false},"author":1,"featured_media":0,"parent":0,"menu_order":0,"comment_status":"closed","ping_status":"closed","template":"","meta":{"footnotes":""},"class_list":["post-1220","page","type-page","status-publish","hentry"],"aioseo_notices":[],"jetpack_sharing_enabled":true,"_links":{"self":[{"href":"https:\/\/joyfullturtle.com\/index.php\/wp-json\/wp\/v2\/pages\/1220","targetHints":{"allow":["GET"]}}],"collection":[{"href":"https:\/\/joyfullturtle.com\/index.php\/wp-json\/wp\/v2\/pages"}],"about":[{"href":"https:\/\/joyfullturtle.com\/index.php\/wp-json\/wp\/v2\/types\/page"}],"author":[{"embeddable":true,"href":"https:\/\/joyfullturtle.com\/index.php\/wp-json\/wp\/v2\/users\/1"}],"replies":[{"embeddable":true,"href":"https:\/\/joyfullturtle.com\/index.php\/wp-json\/wp\/v2\/comments?post=1220"}],"version-history":[{"count":10,"href":"https:\/\/joyfullturtle.com\/index.php\/wp-json\/wp\/v2\/pages\/1220\/revisions"}],"predecessor-version":[{"id":1263,"href":"https:\/\/joyfullturtle.com\/index.php\/wp-json\/wp\/v2\/pages\/1220\/revisions\/1263"}],"wp:attachment":[{"href":"https:\/\/joyfullturtle.com\/index.php\/wp-json\/wp\/v2\/media?parent=1220"}],"curies":[{"name":"wp","href":"https:\/\/api.w.org\/{rel}","templated":true}]}}